{"id":30,"date":"2017-03-10T20:17:32","date_gmt":"2017-03-10T20:17:32","guid":{"rendered":"https:\/\/greenville.ancorathemes.com\/?page_id=30"},"modified":"2024-04-12T08:16:08","modified_gmt":"2024-04-12T12:16:08","slug":"agendamiento-de-tour-por-el-ici","status":"publish","type":"page","link":"https:\/\/ici.edu.py\/es\/agendamiento-de-tour-por-el-ici\/","title":{"rendered":"Agendamiento de Tour por el ICI"},"content":{"rendered":"<div class=\"wpb-content-wrapper\"><div class=\"vc_row wpb_row vc_row-fluid vc_row-o-equal-height vc_row-o-content-middle vc_row-flex\"><div class=\"wpb_column vc_column_container vc_col-sm-6 sc_layouts_column_icons_position_left\"><div class=\"vc_column-inner\"><div class=\"wpb_wrapper\"><div class=\"vc_empty_space  vc_custom_1492086064617 height_tiny\"   style=\"height: 32px\"><span class=\"vc_empty_space_inner\"><\/span><\/div><div id=\"sc_title_724750197\"\n\t\tclass=\"sc_title sc_title_default\"><h6 class=\"sc_item_subtitle sc_title_subtitle sc_align_center sc_item_title_style_default\">Tour por el ICI<\/h6><h2 class=\"sc_item_title sc_title_title sc_align_center sc_item_title_style_default sc_item_title_tag\">Agendamiento<\/h2><\/div><!-- \/.sc_title --><div class=\"vc_empty_space  vc_custom_1492086087593 height_small\"   style=\"height: 32px\"><span class=\"vc_empty_space_inner\"><\/span><\/div>\n\t<div class=\"wpb_text_column wpb_content_element \" >\n\t\t<div class=\"wpb_wrapper\">\n\t\t\t<p style=\"text-align: center;\">Solicite un tour para conocer el colegio y saber m\u00e1s acerca de nosotros, en el siguiente enlace.<br \/>\nNos comunicaremos con Ud. para confirmar la cita y para m\u00e1s detalles.<br \/>\nAgradecemos su inter\u00e9s en el ICI!<\/p>\n\n\t\t<\/div>\n\t<\/div>\n<div class=\"vc_empty_space  vc_custom_1492086116056 height_small\"   style=\"height: 32px\"><span class=\"vc_empty_space_inner\"><\/span><\/div><div class=\"vc_btn3-container vc_btn3-center\" ><a class=\"vc_general vc_btn3 vc_btn3-size-lg vc_btn3-shape-rounded vc_btn3-style-modern vc_btn3-color-warning\" href=\"https:\/\/meetings.hubspot.com\/adriana-nicolaus\" title=\"\" target=\"_blank\">Solicitud de Tour<\/a><\/div><div class=\"vc_empty_space  vc_custom_1492086116056 height_small\"   style=\"height: 32px\"><span class=\"vc_empty_space_inner\"><\/span><\/div><\/div><\/div><\/div><div class=\"wpb_column vc_column_container vc_col-sm-6 sc_layouts_column_icons_position_left\"><div class=\"vc_column-inner\"><div class=\"wpb_wrapper\">\n\t<div  class=\"wpb_single_image wpb_content_element vc_align_center\">\n\t\t\n\t\t<figure class=\"wpb_wrapper vc_figure\">\n\t\t\t<div class=\"vc_single_image-wrapper   vc_box_border_grey\"><img loading=\"lazy\" decoding=\"async\" width=\"1000\" height=\"600\" src=\"https:\/\/ici.edu.py\/wp-content\/uploads\/2024\/02\/business-woman-in-a-job-interview-picture-id466039405.jpg\" class=\"vc_single_image-img attachment-large\" alt=\"\" title=\"business-woman-in-a-job-interview-picture-id466039405\" srcset=\"https:\/\/ici.edu.py\/wp-content\/uploads\/2024\/02\/business-woman-in-a-job-interview-picture-id466039405.jpg 1000w, https:\/\/ici.edu.py\/wp-content\/uploads\/2024\/02\/business-woman-in-a-job-interview-picture-id466039405-300x180.jpg 300w, https:\/\/ici.edu.py\/wp-content\/uploads\/2024\/02\/business-woman-in-a-job-interview-picture-id466039405-768x461.jpg 768w, https:\/\/ici.edu.py\/wp-content\/uploads\/2024\/02\/business-woman-in-a-job-interview-picture-id466039405-370x222.jpg 370w, https:\/\/ici.edu.py\/wp-content\/uploads\/2024\/02\/business-woman-in-a-job-interview-picture-id466039405-667x400.jpg 667w, https:\/\/ici.edu.py\/wp-content\/uploads\/2024\/02\/business-woman-in-a-job-interview-picture-id466039405-920x552.jpg 920w, https:\/\/ici.edu.py\/wp-content\/uploads\/2024\/02\/business-woman-in-a-job-interview-picture-id466039405-760x456.jpg 760w\" sizes=\"auto, (max-width: 1000px) 100vw, 1000px\" \/><\/div>\n\t\t<\/figure>\n\t<\/div>\n<\/div><\/div><\/div><div class=\"wpb_column vc_column_container vc_col-sm-12 sc_layouts_column_icons_position_left\"><div class=\"vc_column-inner\"><div class=\"wpb_wrapper\"><div class=\"vc_empty_space  vc_custom_1492088871817 height_large\"   style=\"height: 32px\"><span class=\"vc_empty_space_inner\"><\/span><\/div><\/div><\/div><\/div><\/div>\n<\/div>","protected":false},"excerpt":{"rendered":"Tour por el ICIAgendamiento Solicite un tour para conocer el colegio y saber m\u00e1s acerca de nosotros, en el siguiente enlace. Nos comunicaremos con Ud. para confirmar la cita y para m\u00e1s detalles. Agradecemos su inter\u00e9s en el ICI! Solicitud&hellip;","protected":false},"author":1,"featured_media":0,"parent":0,"menu_order":0,"comment_status":"closed","ping_status":"closed","template":"","meta":{"content-type":"","footnotes":""},"class_list":["post-30","page","type-page","status-publish","hentry"],"_links":{"self":[{"href":"https:\/\/ici.edu.py\/es\/wp-json\/wp\/v2\/pages\/30","targetHints":{"allow":["GET"]}}],"collection":[{"href":"https:\/\/ici.edu.py\/es\/wp-json\/wp\/v2\/pages"}],"about":[{"href":"https:\/\/ici.edu.py\/es\/wp-json\/wp\/v2\/types\/page"}],"author":[{"embeddable":true,"href":"https:\/\/ici.edu.py\/es\/wp-json\/wp\/v2\/users\/1"}],"replies":[{"embeddable":true,"href":"https:\/\/ici.edu.py\/es\/wp-json\/wp\/v2\/comments?post=30"}],"version-history":[{"count":27,"href":"https:\/\/ici.edu.py\/es\/wp-json\/wp\/v2\/pages\/30\/revisions"}],"predecessor-version":[{"id":1506,"href":"https:\/\/ici.edu.py\/es\/wp-json\/wp\/v2\/pages\/30\/revisions\/1506"}],"wp:attachment":[{"href":"https:\/\/ici.edu.py\/es\/wp-json\/wp\/v2\/media?parent=30"}],"curies":[{"name":"wp","href":"https:\/\/api.w.org\/{rel}","templated":true}]}}