{"id":2,"date":"2017-02-15T10:14:49","date_gmt":"2017-02-15T10:14:49","guid":{"rendered":"https:\/\/greenville.ancorathemes.com\/?page_id=2"},"modified":"2025-09-08T09:31:18","modified_gmt":"2025-09-08T12:31:18","slug":"home-1","status":"publish","type":"page","link":"https:\/\/ici.edu.py\/es\/","title":{"rendered":"Home 1"},"content":{"rendered":"<div class=\"wpb-content-wrapper\"><div class=\"vc_row wpb_row vc_row-fluid\"><div class=\"wpb_column vc_column_container vc_col-sm-12 sc_layouts_column_icons_position_left\"><div class=\"vc_column-inner\"><div class=\"wpb_wrapper\"><\/div><\/div><\/div><\/div><section class=\"vc_section\"><div class=\"vc_row wpb_row vc_row-fluid\"><div class=\"wpb_column vc_column_container vc_col-sm-12 sc_layouts_column_icons_position_left\"><div class=\"vc_column-inner\"><div class=\"wpb_wrapper\"><div class=\"vc_empty_space  height_huge\"   style=\"height: 32px\"><span class=\"vc_empty_space_inner\"><\/span><\/div>\n\t<div  class=\"wpb_single_image wpb_content_element vc_align_center\">\n\t\t\n\t\t<figure class=\"wpb_wrapper vc_figure\">\n\t\t\t<div class=\"vc_single_image-wrapper   vc_box_border_grey\"><img loading=\"lazy\" decoding=\"async\" width=\"317\" height=\"65\" src=\"https:\/\/ici.edu.py\/wp-content\/uploads\/2024\/03\/ICI-logo-horizontal-English.png\" class=\"vc_single_image-img attachment-large\" alt=\"\" title=\"ICI logo horizontal - English\" srcset=\"https:\/\/ici.edu.py\/wp-content\/uploads\/2024\/03\/ICI-logo-horizontal-English.png 317w, https:\/\/ici.edu.py\/wp-content\/uploads\/2024\/03\/ICI-logo-horizontal-English-300x62.png 300w, https:\/\/ici.edu.py\/wp-content\/uploads\/2024\/03\/ICI-logo-horizontal-English-18x4.png 18w\" sizes=\"auto, (max-width: 317px) 100vw, 317px\" \/><\/div>\n\t\t<\/figure>\n\t<\/div>\n<div class=\"vc_empty_space  height_tiny\"   style=\"height: 2px\"><span class=\"vc_empty_space_inner\"><\/span><\/div><div id=\"sc_title_573445324\"\n\t\tclass=\"sc_title sc_title_default\"><h6 class=\"sc_item_subtitle sc_title_subtitle sc_align_center sc_item_title_style_default\">Proverbios 8:11\u201cMejor es la sabidur\u00eda que las piedras preciosas\u2026\u201d<\/h6><\/div><!-- \/.sc_title --><div class=\"vc_empty_space  height_huge\"   style=\"height: 16px\"><span class=\"vc_empty_space_inner\"><\/span><\/div><div id=\"sc_title_28845264\"\n\t\tclass=\"sc_title sc_title_default\"><h2 class=\"sc_item_title sc_title_title sc_align_center sc_item_title_style_default sc_item_title_tag\">Somos el ICI, Instituto Cristiano Interactivo<\/h2><div class=\"sc_item_descr sc_title_descr sc_align_center\"><p>Una instituci\u00f3n educativa con ense\u00f1anza biling\u00fce que, desde 1997, ofrece formaci\u00f3n integral, en un ambiente seguro, c\u00e1lido, estimulante y con \u00e9nfasis en los valores cristianos.<\/p>\n<p>Nos caracteriza nuestro esp\u00edritu din\u00e1mico e innovador.<\/p>\n<\/div><\/div><!-- \/.sc_title --><div class=\"vc_empty_space  vc_custom_1492509081750 height_large\"   style=\"height: 32px\"><span class=\"vc_empty_space_inner\"><\/span><\/div><\/div><\/div><\/div><\/div><div class=\"vc_row wpb_row vc_row-fluid\"><div class=\"wpb_column vc_column_container vc_col-sm-6 sc_layouts_column_icons_position_left\"><div class=\"vc_column-inner\"><div class=\"wpb_wrapper\"><div id=\"sc_title_738022418\"\n\t\tclass=\"sc_title sc_title_default\"><h3 class=\"sc_item_title sc_title_title sc_align_center sc_item_title_style_default\">MISI\u00d3N<\/h3><div class=\"sc_item_descr sc_title_descr sc_align_center\"><p>Educar y desarrollar a la persona integral desde una cosmovisi\u00f3n cristiana, utilizando m\u00e9todos y t\u00e9cnicas eficaces y eficientes de probado \u00e9xito.<\/p>\n<\/div><\/div><!-- \/.sc_title --><\/div><\/div><\/div><div class=\"wpb_column vc_column_container vc_col-sm-6 sc_layouts_column_icons_position_left\"><div class=\"vc_column-inner\"><div class=\"wpb_wrapper\"><div id=\"sc_title_1840562228\"\n\t\tclass=\"sc_title sc_title_default\"><h3 class=\"sc_item_title sc_title_title sc_align_center sc_item_title_style_default\">VISI\u00d3N<\/h3><div class=\"sc_item_descr sc_title_descr sc_align_center\"><p>Ser una Instituci\u00f3n de vanguardia reconocida por su excelencia educativa, cuyos egresados sean ciudadanos \u00edntegros, que amen a Dios y a sus semejantes, con habilidades de liderazgo para influir positivamente en su familia, en su comunidad, en la naci\u00f3n y en el mundo.<\/p>\n<\/div><\/div><!-- \/.sc_title --><\/div><\/div><\/div><\/div><div class=\"vc_row wpb_row vc_row-fluid\"><div class=\"wpb_column vc_column_container vc_col-sm-12 sc_layouts_column_icons_position_left\"><div class=\"vc_column-inner\"><div class=\"wpb_wrapper\"><div class=\"vc_empty_space  vc_custom_1492509081750 height_large\"   style=\"height: 32px\"><span class=\"vc_empty_space_inner\"><\/span><\/div><div class=\"vc_btn3-container vc_btn3-center\" ><a class=\"vc_general vc_btn3 vc_btn3-size-lg vc_btn3-shape-rounded vc_btn3-style-modern vc_btn3-color-warning\" href=\"https:\/\/ici.edu.py\/nosotros\/\" title=\"Nosotros\">Conoce m\u00e1s<\/a><\/div><\/div><\/div><\/div><\/div><\/section><div class=\"vc_row wpb_row vc_row-fluid\"><div class=\"wpb_column vc_column_container vc_col-sm-12 sc_layouts_column_icons_position_left\"><div class=\"vc_column-inner\"><div class=\"wpb_wrapper\"><div class=\"vc_empty_space  vc_custom_1492685935200\"   style=\"height: 0px\"><span class=\"vc_empty_space_inner\"><\/span><\/div><\/div><\/div><\/div><\/div><div class=\"vc_row wpb_row vc_row-fluid wpb_animate_when_almost_visible wpb_fadeIn fadeIn\"><div class=\"wpb_column vc_column_container vc_col-sm-12 sc_layouts_column_icons_position_left\"><div class=\"vc_column-inner\"><div class=\"wpb_wrapper\"><div class=\"sc_layouts sc_layouts_default sc_layouts_297\"><div class=\"vc_row wpb_row vc_row-fluid ipad-row wpb_animate_when_almost_visible wpb_fadeIn fadeIn\"><div class=\"wpb_column vc_column_container vc_col-sm-12 sc_layouts_column_icons_position_left\"><div class=\"vc_column-inner\"><div class=\"wpb_wrapper\"><div class=\"vc_empty_space  height_medium\"   style=\"height: 32px\"><span class=\"vc_empty_space_inner\"><\/span><\/div><\/div><\/div><\/div><div class=\"wpb_column vc_column_container vc_col-sm-5 sc_layouts_column_icons_position_left\"><div class=\"vc_column-inner\"><div class=\"wpb_wrapper\"><div class=\"vc_empty_space  vc_custom_1492522936980 height_large\"   style=\"height: 32px\"><span class=\"vc_empty_space_inner\"><\/span><\/div><div class=\"sc_layouts_item\"><div id=\"sc_title_1512471490\"\n\t\tclass=\"sc_title sc_title_default\"><h6 class=\"sc_item_subtitle sc_title_subtitle sc_align_left sc_item_title_style_default\">ICI<\/h6><h2 class=\"sc_item_title sc_title_title sc_align_left sc_item_title_style_default sc_item_title_tag\">Una gran familia<\/h2><div class=\"sc_item_descr sc_title_descr sc_align_left\"><p>En el ICI estamos convencidos del valor de cada vida, basados en la Biblia, de que somos creados a imagen de Dios, nuestro creador y centro de todo. Amamos nuestra Patria y fomentamos la familia desde la perspectiva de Dios.<\/p>\n<\/div><\/div><!-- \/.sc_title --><\/div><div class=\"vc_btn3-container vc_btn3-center\" ><a class=\"vc_general vc_btn3 vc_btn3-size-lg vc_btn3-shape-rounded vc_btn3-style-modern vc_btn3-color-warning\" href=\"https:\/\/ici.edu.py\/nosotros\/\" title=\"Nosotros\">Conoce m\u00e1s<\/a><\/div><div class=\"vc_empty_space  vc_custom_1707830587708 height_small\"   style=\"height: 200px\"><span class=\"vc_empty_space_inner\"><\/span><\/div><div class=\"vc_tta-container\" data-vc-action=\"collapse\"><div class=\"vc_general vc_tta vc_tta-accordion vc_tta-color-grey vc_tta-style-classic vc_tta-shape-rounded vc_tta-o-shape-group vc_tta-controls-align-default vc_tta-o-no-fill vc_custom_1707915844742\"><div class=\"vc_tta-panels-container\"><div class=\"vc_tta-panels\"><div class=\"vc_tta-panel vc_active\" id=\"1707398203526-fd2657a6-ba96\" data-vc-content=\".vc_tta-panel-body\"><div class=\"vc_tta-panel-heading\"><h4 class=\"vc_tta-panel-title\"><a href=\"#1707398203526-fd2657a6-ba96\" data-vc-accordion data-vc-container=\".vc_tta-container\"><span class=\"vc_tta-title-text\">Estudiantes<\/span><\/a><\/h4><\/div><div class=\"vc_tta-panel-body\">\n\t<div class=\"wpb_raw_code wpb_content_element wpb_raw_html\" >\n\t\t<div class=\"wpb_wrapper\">\n\t\t\t<p>Nuestros alumnos tienen la posibilidad de desarrollar todo su potencial en un ambiente propicio.<\/p>\n\t\t<\/div>\n\t<\/div>\n<\/div><\/div><div class=\"vc_tta-panel\" id=\"1707397592217-221a88b8-ef93\" data-vc-content=\".vc_tta-panel-body\"><div class=\"vc_tta-panel-heading\"><h4 class=\"vc_tta-panel-title\"><a href=\"#1707397592217-221a88b8-ef93\" data-vc-accordion data-vc-container=\".vc_tta-container\"><span class=\"vc_tta-title-text\">Padres<\/span><\/a><\/h4><\/div><div class=\"vc_tta-panel-body\">\n\t<div class=\"wpb_raw_code wpb_content_element wpb_raw_html\" >\n\t\t<div class=\"wpb_wrapper\">\n\t\t\t<p>El apoyo de uds. es de fundamental importancia para lograr juntos una educaci\u00f3n de excelencia.<\/p>\n\t\t<\/div>\n\t<\/div>\n<\/div><\/div><div class=\"vc_tta-panel\" id=\"1707397592205-dd3448e4-78b0\" data-vc-content=\".vc_tta-panel-body\"><div class=\"vc_tta-panel-heading\"><h4 class=\"vc_tta-panel-title\"><a href=\"#1707397592205-dd3448e4-78b0\" data-vc-accordion data-vc-container=\".vc_tta-container\"><span class=\"vc_tta-title-text\">Comunidad<\/span><\/a><\/h4><\/div><div class=\"vc_tta-panel-body\">\n\t<div class=\"wpb_raw_code wpb_content_element wpb_raw_html\" >\n\t\t<div class=\"wpb_wrapper\">\n\t\t\t<p>Participamos de eventos deportivos, olimpiadas y actividades enmarcadas en el \u00e1mbito educativo.<\/p>\n\t\t<\/div>\n\t<\/div>\n<\/div><\/div><\/div><\/div><\/div><\/div><\/div><\/div><\/div><div class=\"wpb_column vc_column_container vc_col-sm-7 sc_layouts_column_icons_position_left\"><div class=\"vc_column-inner\"><div class=\"wpb_wrapper\"><div class=\"vc_row wpb_row vc_inner vc_row-fluid\"><div class=\"center wpb_column vc_column_container vc_col-sm-7 sc_layouts_column_icons_position_left\"><div class=\"vc_column-inner\"><div class=\"wpb_wrapper\"><div class=\"vc_empty_space  vc_custom_1492522878933 height_large\"   style=\"height: 32px\"><span class=\"vc_empty_space_inner\"><\/span><\/div>\n\t<div  class=\"wpb_single_image wpb_content_element vc_align_right\">\n\t\t\n\t\t<figure class=\"wpb_wrapper vc_figure\">\n\t\t\t<div class=\"vc_single_image-wrapper   vc_box_border_grey\"><img decoding=\"async\" class=\"vc_single_image-img \" src=\"https:\/\/ici.edu.py\/wp-content\/uploads\/2025\/09\/Reina-Cami_resized-scaled-e1756991659684-280x560.jpg\" width=\"280\" height=\"560\" alt=\"Reina Cami_resized\" title=\"Reina Cami_resized\" loading=\"lazy\" \/><\/div>\n\t\t<\/figure>\n\t<\/div>\n<div class=\"vc_empty_space  vc_custom_1492672144983\"   style=\"height: 0px\"><span class=\"vc_empty_space_inner\"><\/span><\/div><\/div><\/div><\/div><div class=\"center wpb_column vc_column_container vc_col-sm-5 sc_layouts_column_icons_position_left\"><div class=\"vc_column-inner\"><div class=\"wpb_wrapper\">\n\t<div  class=\"wpb_single_image wpb_content_element vc_align_left\">\n\t\t\n\t\t<figure class=\"wpb_wrapper vc_figure\">\n\t\t\t<div class=\"vc_single_image-wrapper   vc_box_border_grey\"><img decoding=\"async\" class=\"vc_single_image-img \" src=\"https:\/\/ici.edu.py\/wp-content\/uploads\/2025\/09\/Dia-nino-entrada_resized-scaled-280x280.jpg\" width=\"280\" height=\"280\" alt=\"Dia ni\u00f1o entrada_resized\" title=\"Dia ni\u00f1o entrada_resized\" loading=\"lazy\" \/><\/div>\n\t\t<\/figure>\n\t<\/div>\n<div class=\"vc_empty_space  vc_custom_1492522174880 height_small\"   style=\"height: 32px\"><span class=\"vc_empty_space_inner\"><\/span><\/div>\n\t<div  class=\"wpb_single_image wpb_content_element vc_align_left\">\n\t\t\n\t\t<figure class=\"wpb_wrapper vc_figure\">\n\t\t\t<div class=\"vc_single_image-wrapper   vc_box_border_grey\"><img decoding=\"async\" class=\"vc_single_image-img \" src=\"https:\/\/ici.edu.py\/wp-content\/uploads\/2025\/09\/Chicas-handbol_resized-scaled-280x280.jpg\" width=\"280\" height=\"280\" alt=\"Chicas handbol_resized\" title=\"Chicas handbol_resized\" loading=\"lazy\" \/><\/div>\n\t\t<\/figure>\n\t<\/div>\n<div class=\"vc_empty_space  vc_custom_1492522174880 height_small\"   style=\"height: 32px\"><span class=\"vc_empty_space_inner\"><\/span><\/div>\n\t<div  class=\"wpb_single_image wpb_content_element vc_align_left\">\n\t\t\n\t\t<figure class=\"wpb_wrapper vc_figure\">\n\t\t\t<div class=\"vc_single_image-wrapper   vc_box_border_grey\"><img decoding=\"async\" class=\"vc_single_image-img \" src=\"https:\/\/ici.edu.py\/wp-content\/uploads\/2025\/09\/UPD-con-padres-y-alumnos_resized-scaled-280x280.jpg\" width=\"280\" height=\"280\" alt=\"UPD con padres y alumnos_resized\" title=\"UPD con padres y alumnos_resized\" loading=\"lazy\" \/><\/div>\n\t\t<\/figure>\n\t<\/div>\n<\/div><\/div><\/div><\/div><\/div><\/div><\/div><div class=\"wpb_column vc_column_container vc_col-sm-12 sc_layouts_column_icons_position_left\"><div class=\"vc_column-inner\"><div class=\"wpb_wrapper\"><div class=\"vc_empty_space  vc_custom_1492522991371 height_medium\"   style=\"height: 32px\"><span class=\"vc_empty_space_inner\"><\/span><\/div><\/div><\/div><\/div><\/div><\/div><\/div><\/div><\/div><\/div><section class=\"vc_section wpb_animate_when_almost_visible wpb_fadeIn fadeIn vc_custom_1708522297260 vc_section-has-fill scheme_default\"><div class=\"vc_row wpb_row vc_row-fluid\"><div class=\"wpb_column vc_column_container vc_col-sm-12 sc_layouts_column_icons_position_left\"><div class=\"vc_column-inner\"><div class=\"wpb_wrapper\"><div class=\"vc_empty_space  height_tiny\"   style=\"height: 32px\"><span class=\"vc_empty_space_inner\"><\/span><\/div><div id=\"sc_title_1535151557\"\n\t\tclass=\"sc_title sc_title_default\"><h3 class=\"sc_item_title sc_title_title sc_align_center sc_item_title_style_default\">WE ARE CERTIFIED TOEFL TEST CENTER!<\/h3><div class=\"sc_item_descr sc_title_descr sc_align_center\"><p>Desde el 2023 somos Centro Oficial de Examinaci\u00f3n para TOEFL. Consult\u00e1 las fechas de test en el enlace<\/p>\n<\/div><\/div><!-- \/.sc_title --><div class=\"vc_empty_space  height_tiny\"   style=\"height: 32px\"><span class=\"vc_empty_space_inner\"><\/span><\/div>\n\t<div  class=\"wpb_single_image wpb_content_element vc_align_center\">\n\t\t\n\t\t<figure class=\"wpb_wrapper vc_figure\">\n\t\t\t<a href=\"https:\/\/www.ets.org\/toefl\/test-takers\/ibt\/register\/how-to-register.html\" target=\"_blank\" class=\"vc_single_image-wrapper   vc_box_border_grey\"><img loading=\"lazy\" decoding=\"async\" width=\"300\" height=\"58\" src=\"https:\/\/ici.edu.py\/wp-content\/uploads\/2024\/02\/pngegg-300x58.png\" class=\"vc_single_image-img attachment-medium\" alt=\"\" title=\"pngegg\" srcset=\"https:\/\/ici.edu.py\/wp-content\/uploads\/2024\/02\/pngegg-300x58.png 300w, https:\/\/ici.edu.py\/wp-content\/uploads\/2024\/02\/pngegg-1024x199.png 1024w, https:\/\/ici.edu.py\/wp-content\/uploads\/2024\/02\/pngegg-768x149.png 768w, https:\/\/ici.edu.py\/wp-content\/uploads\/2024\/02\/pngegg-1536x299.png 1536w, https:\/\/ici.edu.py\/wp-content\/uploads\/2024\/02\/pngegg-370x72.png 370w, https:\/\/ici.edu.py\/wp-content\/uploads\/2024\/02\/pngegg-760x148.png 760w, https:\/\/ici.edu.py\/wp-content\/uploads\/2024\/02\/pngegg.png 2000w\" sizes=\"auto, (max-width: 300px) 100vw, 300px\" \/><\/a>\n\t\t<\/figure>\n\t<\/div>\n<div class=\"vc_empty_space  height_tiny\"   style=\"height: 100px\"><span class=\"vc_empty_space_inner\"><\/span><\/div><\/div><\/div><\/div><\/div><\/section><section class=\"vc_section\"><div class=\"vc_row wpb_row vc_row-fluid\"><div class=\"wpb_column vc_column_container vc_col-sm-4 sc_layouts_column_icons_position_left\"><div class=\"vc_column-inner vc_custom_1708522778479\"><div class=\"wpb_wrapper\"><div id=\"sc_title_757149518\"\n\t\tclass=\"sc_title sc_title_default\"><h3 class=\"sc_item_title sc_title_title sc_align_center sc_item_title_style_default\">Somos miembros de<\/h3><\/div><!-- \/.sc_title --><div class=\"vc_empty_space  height_tiny\"   style=\"height: 32px\"><span class=\"vc_empty_space_inner\"><\/span><\/div><\/div><\/div><\/div><div class=\"wpb_column vc_column_container vc_col-sm-4 sc_layouts_column_icons_position_left\"><div class=\"vc_column-inner\"><div class=\"wpb_wrapper\">\n\t<div  class=\"wpb_single_image wpb_content_element vc_align_center  vc_custom_1708535948757\">\n\t\t\n\t\t<figure class=\"wpb_wrapper vc_figure\">\n\t\t\t<a href=\"https:\/\/www.facebook.com\/p\/AIEPAP-100057266027954\/\" target=\"_blank\" class=\"vc_single_image-wrapper   vc_box_border_grey\"><img loading=\"lazy\" decoding=\"async\" width=\"200\" height=\"255\" src=\"https:\/\/ici.edu.py\/wp-content\/uploads\/2024\/02\/LOGOAIEPAPOK-e1708521948573.png\" class=\"vc_single_image-img attachment-full\" alt=\"\" title=\"LOGOAIEPAPOK\" \/><\/a>\n\t\t<\/figure>\n\t<\/div>\n<\/div><\/div><\/div><div class=\"wpb_column vc_column_container vc_col-sm-4 sc_layouts_column_icons_position_left\"><div class=\"vc_column-inner\"><div class=\"wpb_wrapper\"><div class=\"vc_empty_space  height_tiny\"   style=\"height: 32px\"><span class=\"vc_empty_space_inner\"><\/span><\/div>\n\t<div  class=\"wpb_single_image wpb_content_element vc_align_left\">\n\t\t\n\t\t<figure class=\"wpb_wrapper vc_figure\">\n\t\t\t<div class=\"vc_single_image-wrapper   vc_box_border_grey\"><img loading=\"lazy\" decoding=\"async\" width=\"867\" height=\"322\" src=\"https:\/\/ici.edu.py\/wp-content\/uploads\/2024\/02\/acsi_logo_notag_rgb-1.jpg\" class=\"vc_single_image-img attachment-full\" alt=\"\" title=\"acsi_logo_notag_rgb\" srcset=\"https:\/\/ici.edu.py\/wp-content\/uploads\/2024\/02\/acsi_logo_notag_rgb-1.jpg 867w, https:\/\/ici.edu.py\/wp-content\/uploads\/2024\/02\/acsi_logo_notag_rgb-1-300x111.jpg 300w, https:\/\/ici.edu.py\/wp-content\/uploads\/2024\/02\/acsi_logo_notag_rgb-1-768x285.jpg 768w, https:\/\/ici.edu.py\/wp-content\/uploads\/2024\/02\/acsi_logo_notag_rgb-1-370x137.jpg 370w, https:\/\/ici.edu.py\/wp-content\/uploads\/2024\/02\/acsi_logo_notag_rgb-1-760x282.jpg 760w\" sizes=\"auto, (max-width: 867px) 100vw, 867px\" \/><\/div>\n\t\t<\/figure>\n\t<\/div>\n<div class=\"vc_empty_space  height_tiny\"   style=\"height: 32px\"><span class=\"vc_empty_space_inner\"><\/span><\/div><\/div><\/div><\/div><\/div><\/section><section class=\"vc_section\"><div class=\"vc_row wpb_row vc_row-fluid\"><div class=\"wpb_column vc_column_container vc_col-sm-12 sc_layouts_column_icons_position_left\"><div class=\"vc_column-inner vc_custom_1708522778479\"><div class=\"wpb_wrapper\"><div id=\"sc_title_1561717975\"\n\t\tclass=\"sc_title sc_title_default\"><h6 class=\"sc_item_subtitle sc_title_subtitle sc_align_center sc_item_title_style_default\">En Proceso<\/h6><h3 class=\"sc_item_title sc_title_title sc_align_center sc_item_title_style_default\">Acreditaci\u00f3n<\/h3><div class=\"sc_item_descr sc_title_descr sc_align_center\"><p>ACSI (Asociation of Christian Schools International)<\/p>\n<\/div><\/div><!-- \/.sc_title --><div class=\"vc_empty_space  height_tiny\"   style=\"height: 32px\"><span class=\"vc_empty_space_inner\"><\/span><\/div>\n\t<div  class=\"wpb_single_image wpb_content_element vc_align_center\">\n\t\t\n\t\t<figure class=\"wpb_wrapper vc_figure\">\n\t\t\t<a href=\"https:\/\/acsilat.org\/\" target=\"_blank\" class=\"vc_single_image-wrapper   vc_box_border_grey\"><img loading=\"lazy\" decoding=\"async\" width=\"400\" height=\"152\" src=\"https:\/\/ici.edu.py\/wp-content\/uploads\/2025\/09\/ACSI-2025-Acreditado-actualizado-2025_page-0001-1-e1756989253820.png\" class=\"vc_single_image-img attachment-full\" alt=\"\" title=\"ACSI 2025 - Acreditado actualizado 2025_page-0001 1\" \/><\/a>\n\t\t<\/figure>\n\t<\/div>\n<div class=\"vc_empty_space  height_tiny\"   style=\"height: 32px\"><span class=\"vc_empty_space_inner\"><\/span><\/div><\/div><\/div><\/div><\/div><\/section><div class=\"vc_row wpb_row vc_row-fluid\"><div class=\"wpb_column vc_column_container vc_col-sm-12 sc_layouts_column_icons_position_left\"><div class=\"vc_column-inner\"><div class=\"wpb_wrapper\"><div class=\"vc_empty_space  height_tiny\"   style=\"height: 32px\"><span class=\"vc_empty_space_inner\"><\/span><\/div><\/div><\/div><\/div><\/div>\n<\/div>","protected":false},"excerpt":{"rendered":"Proverbios 8:11\u201cMejor es la sabidur\u00eda que las piedras preciosas\u2026\u201dSomos el ICI, Instituto Cristiano InteractivoUna instituci\u00f3n educativa con ense\u00f1anza biling\u00fce que, desde 1997, ofrece formaci\u00f3n integral, en un ambiente seguro, c\u00e1lido, estimulante y con \u00e9nfasis en los valores cristianos. Nos caracteriza&hellip;","protected":false},"author":1,"featured_media":0,"parent":0,"menu_order":0,"comment_status":"closed","ping_status":"closed","template":"","meta":{"content-type":"","footnotes":""},"class_list":["post-2","page","type-page","status-publish","hentry"],"_links":{"self":[{"href":"https:\/\/ici.edu.py\/es\/wp-json\/wp\/v2\/pages\/2","targetHints":{"allow":["GET"]}}],"collection":[{"href":"https:\/\/ici.edu.py\/es\/wp-json\/wp\/v2\/pages"}],"about":[{"href":"https:\/\/ici.edu.py\/es\/wp-json\/wp\/v2\/types\/page"}],"author":[{"embeddable":true,"href":"https:\/\/ici.edu.py\/es\/wp-json\/wp\/v2\/users\/1"}],"replies":[{"embeddable":true,"href":"https:\/\/ici.edu.py\/es\/wp-json\/wp\/v2\/comments?post=2"}],"version-history":[{"count":126,"href":"https:\/\/ici.edu.py\/es\/wp-json\/wp\/v2\/pages\/2\/revisions"}],"predecessor-version":[{"id":1851,"href":"https:\/\/ici.edu.py\/es\/wp-json\/wp\/v2\/pages\/2\/revisions\/1851"}],"wp:attachment":[{"href":"https:\/\/ici.edu.py\/es\/wp-json\/wp\/v2\/media?parent=2"}],"curies":[{"name":"wp","href":"https:\/\/api.w.org\/{rel}","templated":true}]}}