{"id":1705,"date":"2025-07-09T08:36:56","date_gmt":"2025-07-09T12:36:56","guid":{"rendered":"https:\/\/ici.edu.py\/?page_id=1705"},"modified":"2025-09-05T07:21:25","modified_gmt":"2025-09-05T10:21:25","slug":"la-mascota","status":"publish","type":"page","link":"https:\/\/ici.edu.py\/es\/la-mascota\/","title":{"rendered":"La Mascota"},"content":{"rendered":"<div class=\"wpb-content-wrapper\"><div class=\"vc_row wpb_row vc_row-fluid vc_row-o-equal-height vc_row-o-content-middle vc_row-flex\"><div class=\"wpb_column vc_column_container vc_col-sm-7 sc_layouts_column_icons_position_left\"><div class=\"vc_column-inner\"><div class=\"wpb_wrapper\"><div class=\"vc_empty_space  height_large\"   style=\"height: 32px\"><span class=\"vc_empty_space_inner\"><\/span><\/div>\n\t<div  class=\"wpb_single_image wpb_content_element vc_align_center  vc_custom_1752064747723\">\n\t\t\n\t\t<figure class=\"wpb_wrapper vc_figure\">\n\t\t\t<div class=\"vc_single_image-wrapper   vc_box_border_grey\"><img decoding=\"async\" class=\"vc_single_image-img \" src=\"https:\/\/ici.edu.py\/wp-content\/uploads\/2024\/03\/Otto1-644x689.png\" width=\"644\" height=\"689\" alt=\"Otto1\" title=\"Otto1\" loading=\"lazy\" \/><\/div>\n\t\t<\/figure>\n\t<\/div>\n<div class=\"vc_empty_space  height_tiny\"   style=\"height: 32px\"><span class=\"vc_empty_space_inner\"><\/span><\/div><\/div><\/div><\/div><div class=\"wpb_column vc_column_container vc_col-sm-5 sc_layouts_column_icons_position_left\"><div class=\"vc_column-inner\"><div class=\"wpb_wrapper\"><div class=\"vc_empty_space  height_small\"   style=\"height: 32px\"><span class=\"vc_empty_space_inner\"><\/span><\/div><div id=\"sc_title_755495988\"\n\t\tclass=\"sc_title sc_title_default\"><h6 class=\"sc_item_subtitle sc_title_subtitle sc_align_left sc_item_title_style_default\">El Yaguaret\u00e9<\/h6><h2 class=\"sc_item_title sc_title_title sc_align_left sc_item_title_style_default sc_item_title_tag\">Nuestra mascota ICI<\/h2><div class=\"sc_item_descr sc_title_descr sc_align_left\"><\/p>\n<h3>\u00bfPor qu\u00e9 el yaguaret\u00e9?<\/h3>\n<p>El yaguaret\u00e9 no solo es s\u00edmbolo de fuerza, sino que, en nuestra identidad tambi\u00e9n refleja virtudes que encontramos en la Palabra de Dios: fortaleza, sabidur\u00eda y prop\u00f3sito.<\/p>\n<p>Alrededor del 2007 los directores fundadores eligieron la mascota para crear conciencia y difundir informaci\u00f3n sobre este animal caracter\u00edstico de la zona, en peligro de extinci\u00f3n. Luego de un periodo de ausencia, reaparece a\u00f1os m\u00e1s tarde, en 2018, bautizado por nuestros alumnos con el nombre de <b>Otto<\/b>.<\/p>\n<\/div><\/div><!-- \/.sc_title --><div class=\"vc_empty_space  height_small\"   style=\"height: 32px\"><span class=\"vc_empty_space_inner\"><\/span><\/div><\/div><\/div><\/div><\/div><div class=\"vc_row wpb_row vc_row-fluid\"><div class=\"wpb_column vc_column_container vc_col-sm-6 sc_layouts_column_icons_position_left\"><div class=\"vc_column-inner\"><div class=\"wpb_wrapper\"><div class=\"vc_empty_space  height_tiny\"   style=\"height: 50px\"><span class=\"vc_empty_space_inner\"><\/span><\/div>\n\t<div class=\"wpb_text_column wpb_content_element \" >\n\t\t<div class=\"wpb_wrapper\">\n\t\t\t<h3>D\u00eda mundial de yaguaret\u00e9 (panthera onca)<\/h3>\n<p>Fecha declarada por la Conferencia de las Partes del Convenio sobre Diversidad Biol\u00f3gica (Cop14) en el 2018, con auspicio de la Organizaci\u00f3n de las Naciones Unidas (ONU).<\/p>\n<p>(Fuente: https:\/\/www.itaipu.gov.py\/noticias\/medio-ambiente\/)<\/p>\n<h3>\ud83d\udc3e Fortaleza que viene de Dios:<\/h3>\n<p>El yaguaret\u00e9 es el felino m\u00e1s poderoso de Am\u00e9rica! En el ICI entendemos la verdadera fuerza como aquella que viene de Dios. No se trata de imponerse, sino de mantenerse firmes en los valores, en la verdad y en el amor.<\/p>\n<p>\ud83d\udcd6 \u201cTodo lo puedo en Cristo que me fortalece.\u201d (Filipenses 4:13)<\/p>\n<h3>\ud83c\udf2a\ufe0f Agilidad para servir:<\/h3>\n<p>El yaguaret\u00e9 se mueve con sigilo, rapidez y precisi\u00f3n. Nosotros buscamos esa misma agilidad en el aprendizaje, en la colaboraci\u00f3n y en la resoluci\u00f3n de problemas, no solo para destacar, sino para servir con excelencia.<\/p>\n<p>\ud83d\udcd6 \u201cTrabajen de buena gana en todo lo que hagan, como si fuera para el Se\u00f1or y no para la gente.\u201d (Colosenses 3:23)<\/p>\n<h3>\ud83e\udde0 Inteligencia y sabidur\u00eda guiadas por Dios:<\/h3>\n<p>El yaguaret\u00e9 es s\u00edmbolo de intuici\u00f3n y equilibrio. En el ICI entendemos que la verdadera sabidur\u00eda viene de Dios y como dice nuestro verso lema: \u201cMejor es la sabidur\u00eda que las piedras preciosas\u201d<\/p>\n<p>(Pr. 8.11)<\/p>\n\n\t\t<\/div>\n\t<\/div>\n<\/div><\/div><\/div><div class=\"wpb_column vc_column_container vc_col-sm-6 sc_layouts_column_icons_position_left\"><div class=\"vc_column-inner\"><div class=\"wpb_wrapper\">\n\t<div  class=\"wpb_single_image wpb_content_element vc_align_left\">\n\t\t\n\t\t<figure class=\"wpb_wrapper vc_figure\">\n\t\t\t<div class=\"vc_single_image-wrapper   vc_box_border_grey\"><img loading=\"lazy\" decoding=\"async\" width=\"1810\" height=\"2560\" src=\"https:\/\/ici.edu.py\/wp-content\/uploads\/2025\/09\/Otto-joven_resized-scaled.png\" class=\"vc_single_image-img attachment-full\" alt=\"\" title=\"Otto joven_resized\" srcset=\"https:\/\/ici.edu.py\/wp-content\/uploads\/2025\/09\/Otto-joven_resized-scaled.png 1810w, https:\/\/ici.edu.py\/wp-content\/uploads\/2025\/09\/Otto-joven_resized-212x300.png 212w, https:\/\/ici.edu.py\/wp-content\/uploads\/2025\/09\/Otto-joven_resized-724x1024.png 724w, https:\/\/ici.edu.py\/wp-content\/uploads\/2025\/09\/Otto-joven_resized-768x1086.png 768w, https:\/\/ici.edu.py\/wp-content\/uploads\/2025\/09\/Otto-joven_resized-1086x1536.png 1086w, https:\/\/ici.edu.py\/wp-content\/uploads\/2025\/09\/Otto-joven_resized-1448x2048.png 1448w, https:\/\/ici.edu.py\/wp-content\/uploads\/2025\/09\/Otto-joven_resized-8x12.png 8w, https:\/\/ici.edu.py\/wp-content\/uploads\/2025\/09\/Otto-joven_resized-370x523.png 370w, https:\/\/ici.edu.py\/wp-content\/uploads\/2025\/09\/Otto-joven_resized-283x400.png 283w, https:\/\/ici.edu.py\/wp-content\/uploads\/2025\/09\/Otto-joven_resized-390x552.png 390w, https:\/\/ici.edu.py\/wp-content\/uploads\/2025\/09\/Otto-joven_resized-760x1075.png 760w\" sizes=\"auto, (max-width: 1810px) 100vw, 1810px\" \/><\/div>\n\t\t<\/figure>\n\t<\/div>\n<\/div><\/div><\/div><\/div><div class=\"vc_row wpb_row vc_row-fluid\"><div class=\"wpb_column vc_column_container vc_col-sm-12 sc_layouts_column_icons_position_left\"><div class=\"vc_column-inner\"><div class=\"wpb_wrapper\"><div class=\"vc_empty_space  height_tiny\"   style=\"height: 32px\"><span class=\"vc_empty_space_inner\"><\/span><\/div><div class=\"vc_row wpb_row vc_inner vc_row-fluid\"><div class=\"wpb_column vc_column_container vc_col-sm-6 sc_layouts_column_icons_position_left\"><div class=\"vc_column-inner\"><div class=\"wpb_wrapper\">\n\t<div  class=\"wpb_single_image wpb_content_element vc_align_center\">\n\t\t\n\t\t<figure class=\"wpb_wrapper vc_figure\">\n\t\t\t<div class=\"vc_single_image-wrapper   vc_box_border_grey\"><img loading=\"lazy\" decoding=\"async\" width=\"2560\" height=\"1706\" src=\"https:\/\/ici.edu.py\/wp-content\/uploads\/2025\/09\/Otto_resized-scaled.jpg\" class=\"vc_single_image-img attachment-full\" alt=\"\" title=\"Otto_resized\" srcset=\"https:\/\/ici.edu.py\/wp-content\/uploads\/2025\/09\/Otto_resized-scaled.jpg 2560w, https:\/\/ici.edu.py\/wp-content\/uploads\/2025\/09\/Otto_resized-300x200.jpg 300w, https:\/\/ici.edu.py\/wp-content\/uploads\/2025\/09\/Otto_resized-1024x683.jpg 1024w, https:\/\/ici.edu.py\/wp-content\/uploads\/2025\/09\/Otto_resized-768x512.jpg 768w, https:\/\/ici.edu.py\/wp-content\/uploads\/2025\/09\/Otto_resized-1536x1024.jpg 1536w, https:\/\/ici.edu.py\/wp-content\/uploads\/2025\/09\/Otto_resized-2048x1365.jpg 2048w, https:\/\/ici.edu.py\/wp-content\/uploads\/2025\/09\/Otto_resized-18x12.jpg 18w, https:\/\/ici.edu.py\/wp-content\/uploads\/2025\/09\/Otto_resized-370x247.jpg 370w, https:\/\/ici.edu.py\/wp-content\/uploads\/2025\/09\/Otto_resized-600x400.jpg 600w, https:\/\/ici.edu.py\/wp-content\/uploads\/2025\/09\/Otto_resized-828x552.jpg 828w, https:\/\/ici.edu.py\/wp-content\/uploads\/2025\/09\/Otto_resized-760x507.jpg 760w\" sizes=\"auto, (max-width: 2560px) 100vw, 2560px\" \/><\/div>\n\t\t<\/figure>\n\t<\/div>\n<\/div><\/div><\/div><div class=\"wpb_column vc_column_container vc_col-sm-6 sc_layouts_column_icons_position_left\"><div class=\"vc_column-inner\"><div class=\"wpb_wrapper\">\n\t<div  class=\"wpb_single_image wpb_content_element vc_align_center\">\n\t\t\n\t\t<figure class=\"wpb_wrapper vc_figure\">\n\t\t\t<div class=\"vc_single_image-wrapper   vc_box_border_grey\"><img loading=\"lazy\" decoding=\"async\" width=\"2560\" height=\"1707\" src=\"https:\/\/ici.edu.py\/wp-content\/uploads\/2025\/09\/Otto-en-Fam-Day_resized-scaled.jpg\" class=\"vc_single_image-img attachment-full\" alt=\"\" title=\"Otto en Fam Day_resized\" srcset=\"https:\/\/ici.edu.py\/wp-content\/uploads\/2025\/09\/Otto-en-Fam-Day_resized-scaled.jpg 2560w, https:\/\/ici.edu.py\/wp-content\/uploads\/2025\/09\/Otto-en-Fam-Day_resized-300x200.jpg 300w, https:\/\/ici.edu.py\/wp-content\/uploads\/2025\/09\/Otto-en-Fam-Day_resized-1024x683.jpg 1024w, https:\/\/ici.edu.py\/wp-content\/uploads\/2025\/09\/Otto-en-Fam-Day_resized-768x512.jpg 768w, https:\/\/ici.edu.py\/wp-content\/uploads\/2025\/09\/Otto-en-Fam-Day_resized-1536x1024.jpg 1536w, https:\/\/ici.edu.py\/wp-content\/uploads\/2025\/09\/Otto-en-Fam-Day_resized-2048x1365.jpg 2048w, https:\/\/ici.edu.py\/wp-content\/uploads\/2025\/09\/Otto-en-Fam-Day_resized-18x12.jpg 18w, https:\/\/ici.edu.py\/wp-content\/uploads\/2025\/09\/Otto-en-Fam-Day_resized-370x247.jpg 370w, https:\/\/ici.edu.py\/wp-content\/uploads\/2025\/09\/Otto-en-Fam-Day_resized-600x400.jpg 600w, https:\/\/ici.edu.py\/wp-content\/uploads\/2025\/09\/Otto-en-Fam-Day_resized-828x552.jpg 828w, https:\/\/ici.edu.py\/wp-content\/uploads\/2025\/09\/Otto-en-Fam-Day_resized-760x507.jpg 760w\" sizes=\"auto, (max-width: 2560px) 100vw, 2560px\" \/><\/div>\n\t\t<\/figure>\n\t<\/div>\n<\/div><\/div><\/div><\/div><div class=\"vc_empty_space  height_tiny\"   style=\"height: 32px\"><span class=\"vc_empty_space_inner\"><\/span><\/div><\/div><\/div><\/div><\/div>\n<\/div>","protected":false},"excerpt":{"rendered":"El Yaguaret\u00e9Nuestra mascota ICI\u00bfPor qu\u00e9 el yaguaret\u00e9? El yaguaret\u00e9 no solo es s\u00edmbolo de fuerza, sino que, en nuestra identidad tambi\u00e9n refleja virtudes que encontramos en la Palabra de Dios: fortaleza, sabidur\u00eda y prop\u00f3sito. Alrededor del 2007 los directores fundadores&hellip;","protected":false},"author":1,"featured_media":0,"parent":0,"menu_order":0,"comment_status":"closed","ping_status":"closed","template":"","meta":{"content-type":"","footnotes":""},"class_list":["post-1705","page","type-page","status-publish","hentry"],"_links":{"self":[{"href":"https:\/\/ici.edu.py\/es\/wp-json\/wp\/v2\/pages\/1705","targetHints":{"allow":["GET"]}}],"collection":[{"href":"https:\/\/ici.edu.py\/es\/wp-json\/wp\/v2\/pages"}],"about":[{"href":"https:\/\/ici.edu.py\/es\/wp-json\/wp\/v2\/types\/page"}],"author":[{"embeddable":true,"href":"https:\/\/ici.edu.py\/es\/wp-json\/wp\/v2\/users\/1"}],"replies":[{"embeddable":true,"href":"https:\/\/ici.edu.py\/es\/wp-json\/wp\/v2\/comments?post=1705"}],"version-history":[{"count":17,"href":"https:\/\/ici.edu.py\/es\/wp-json\/wp\/v2\/pages\/1705\/revisions"}],"predecessor-version":[{"id":1711,"href":"https:\/\/ici.edu.py\/es\/wp-json\/wp\/v2\/pages\/1705\/revisions\/1711"}],"wp:attachment":[{"href":"https:\/\/ici.edu.py\/es\/wp-json\/wp\/v2\/media?parent=1705"}],"curies":[{"name":"wp","href":"https:\/\/api.w.org\/{rel}","templated":true}]}}