{"id":994,"date":"2024-02-09T10:21:54","date_gmt":"2024-02-09T09:21:54","guid":{"rendered":"https:\/\/ici.edu.py\/2024\/?page_id=994"},"modified":"2024-02-09T10:34:11","modified_gmt":"2024-02-09T09:34:11","slug":"nivel-inicial","status":"publish","type":"page","link":"https:\/\/ici.edu.py\/en\/niveles\/nivel-inicial\/","title":{"rendered":"EARLY CHILDHOOD EDUCATION (2 to 5 years)"},"content":{"rendered":"<div class=\"wpb-content-wrapper\"><div class=\"vc_row wpb_row vc_row-fluid\"><div class=\"wpb_column vc_column_container vc_col-sm-12 sc_layouts_column_icons_position_left\"><div class=\"vc_column-inner\"><div class=\"wpb_wrapper\">\n\t<div class=\"wpb_text_column wpb_content_element\" >\n\t\t<div class=\"wpb_wrapper\">\n\t\t\t<p><b>NIVEL INICIAL (2 a 5 a\u00f1os)\u00a0\u00a0<\/b><\/p>\n<p><b>Schedule:<\/b><span style=\"font-weight: 400;\"> 7:30 to 12:00 hs.<\/span><\/p>\n<p><span style=\"font-weight: 400;\">Pre escolar 7:30 a 12:15 hs.<\/span><\/p>\n<p><span style=\"font-weight: 400;\">Our children receive warm, loving care at this critically important stage, where they experience their first school years!\u00a0<\/span><\/p>\n<p><span style=\"font-weight: 400;\">We aim for children to develop emotional, social, motor skills, as well as independence through stories, tales, and various activities that allow them to discover, explore, gain, create, imagine, and develop their intellectual abilities to build learning.<\/span><\/p>\n<p><span style=\"font-weight: 400;\">Contamos con espacios de juegos, clases de ingl\u00e9s, expresi\u00f3n corporal musicalizaci\u00f3n infantil, codificaci\u00f3n y desarrollo del pensamiento computacional (iniciaci\u00f3n a la Rob\u00f3tica), pedagog\u00eda de la luz integrada a la sala de psicomotricidad, introducci\u00f3n a las matem\u00e1ticas m\u00e9todo Singapur, m\u00e9todo <\/span><i><span style=\"font-weight: 400;\">Baratta-Lorton<\/span><\/i><span style=\"font-weight: 400;\"> y \u00a1mucha diversi\u00f3n!<\/span><\/p>\n<p><span style=\"font-weight: 400;\">Pre Escolar: materias en ingl\u00e9s y espa\u00f1ol (2 horas diarias)<\/span><\/p>\n<p class=\"translation-block\">Check available clubs (extracurricular) for Preschool<\/p>\n\n\t\t<\/div>\n\t<\/div>\n<\/div><\/div><\/div><\/div>\n<\/div>","protected":false},"excerpt":{"rendered":"NIVEL INICIAL (2 a 5 a\u00f1os)\u00a0\u00a0 Horario: 7:30 a 12:00 hs. Pre escolar 7:30 a 12:15 hs. Nuestros ni\u00f1os reciben una atenci\u00f3n con calor de hogar y mucho amor en esta etapa de fundamental importancia, en la que viven su&hellip;","protected":false},"author":1,"featured_media":239,"parent":225,"menu_order":0,"comment_status":"closed","ping_status":"closed","template":"","meta":{"content-type":"","footnotes":""},"class_list":["post-994","page","type-page","status-publish","has-post-thumbnail","hentry"],"_links":{"self":[{"href":"https:\/\/ici.edu.py\/en\/wp-json\/wp\/v2\/pages\/994","targetHints":{"allow":["GET"]}}],"collection":[{"href":"https:\/\/ici.edu.py\/en\/wp-json\/wp\/v2\/pages"}],"about":[{"href":"https:\/\/ici.edu.py\/en\/wp-json\/wp\/v2\/types\/page"}],"author":[{"embeddable":true,"href":"https:\/\/ici.edu.py\/en\/wp-json\/wp\/v2\/users\/1"}],"replies":[{"embeddable":true,"href":"https:\/\/ici.edu.py\/en\/wp-json\/wp\/v2\/comments?post=994"}],"version-history":[{"count":3,"href":"https:\/\/ici.edu.py\/en\/wp-json\/wp\/v2\/pages\/994\/revisions"}],"predecessor-version":[{"id":998,"href":"https:\/\/ici.edu.py\/en\/wp-json\/wp\/v2\/pages\/994\/revisions\/998"}],"up":[{"embeddable":true,"href":"https:\/\/ici.edu.py\/en\/wp-json\/wp\/v2\/pages\/225"}],"wp:featuredmedia":[{"embeddable":true,"href":"https:\/\/ici.edu.py\/en\/wp-json\/wp\/v2\/media\/239"}],"wp:attachment":[{"href":"https:\/\/ici.edu.py\/en\/wp-json\/wp\/v2\/media?parent=994"}],"curies":[{"name":"wp","href":"https:\/\/api.w.org\/{rel}","templated":true}]}}