{"id":31,"date":"2017-03-10T20:17:51","date_gmt":"2017-03-10T20:17:51","guid":{"rendered":"https:\/\/greenville.ancorathemes.com\/?page_id=31"},"modified":"2024-03-20T21:12:47","modified_gmt":"2024-03-21T00:12:47","slug":"rosa-elena-lopez-de-ocampo","status":"publish","type":"page","link":"https:\/\/ici.edu.py\/en\/rosa-elena-lopez-de-ocampo\/","title":{"rendered":"Rosa de Ocampo"},"content":{"rendered":"<div class=\"wpb-content-wrapper\"><div class=\"vc_row wpb_row vc_row-fluid vc_row-o-equal-height vc_row-o-content-middle vc_row-flex\"><div class=\"wpb_column vc_column_container vc_col-sm-7 sc_layouts_column_icons_position_left\"><div class=\"vc_column-inner\"><div class=\"wpb_wrapper\"><div class=\"vc_empty_space  height_large\"   style=\"height: 32px\"><span class=\"vc_empty_space_inner\"><\/span><\/div>\n\t<div  class=\"wpb_single_image wpb_content_element vc_align_center  vc_custom_1708432364834\">\n\t\t\n\t\t<figure class=\"wpb_wrapper vc_figure\">\n\t\t\t<div class=\"vc_single_image-wrapper   vc_box_border_grey\"><img decoding=\"async\" class=\"vc_single_image-img\" src=\"https:\/\/ici.edu.py\/wp-content\/uploads\/2024\/02\/BeFunky-collage-scaled-644x689.jpg\" width=\"644\" height=\"689\" alt=\"BeFunky-collage\" title=\"BeFunky-collage\" loading=\"lazy\" \/><\/div>\n\t\t<\/figure>\n\t<\/div>\n<div class=\"vc_empty_space  height_tiny\"   style=\"height: 32px\"><span class=\"vc_empty_space_inner\"><\/span><\/div><\/div><\/div><\/div><div class=\"wpb_column vc_column_container vc_col-sm-5 sc_layouts_column_icons_position_left\"><div class=\"vc_column-inner\"><div class=\"wpb_wrapper\"><div class=\"vc_empty_space  height_small\"   style=\"height: 32px\"><span class=\"vc_empty_space_inner\"><\/span><\/div><div id=\"sc_title_539398106\"\n\t\tclass=\"sc_title sc_title_default\"><h6 class=\"sc_item_subtitle sc_title_subtitle sc_align_left sc_item_title_style_default\">Dedication<\/h6><h2 class=\"sc_item_title sc_title_title sc_align_left sc_item_title_style_default sc_item_title_tag\">Lic. Rosa Elena L\u00f3pez de Ocampo<\/h2><div class=\"sc_item_descr sc_title_descr sc_align_left\"><p>Director Rosa was the individual whom God raised to inspire and lead what is now the Interactive Christian Institute.<\/p>\n<p>Driven by her passion for teaching, Director Rosa pursued her education through the Normal School system, which was in place until 1974. She graduated from college, becoming a certified Primary Education teacher. Subsequently, she obtained a degree in Pedagogy and pursued further studies to earn a doctorate in Education.<\/p>\n<p>Director Rosa, or Aunt Rosita, as many knew her, always encouraged young girls to pursue education as a career if they had the vocation. She spoke passionately about the nobility of the teaching profession and the vital role of educators. With various practical techniques, she instilled in her three children constant teachings that left indelible marks. Her eldest daughter, Clyde Marlene Ocampo, who is now the Academic Director at ICI, was no exception. She naturally received her mother's influence and inspiration to study, ultimately embracing the teaching profession.<\/p>\n<p>Director Rosa taught Guaran\u00ed, Philosophy, Social Studies, and Literature in several schools in Asunci\u00f3n and Ciudad del Este. Her first teaching experience was at the prestigious San Andr\u00e9s School in the capital city.<\/p>\n<\/div><\/div><!-- \/.sc_title --><div class=\"vc_empty_space  height_small\"   style=\"height: 32px\"><span class=\"vc_empty_space_inner\"><\/span><\/div><\/div><\/div><\/div><\/div><div class=\"vc_row wpb_row vc_row-fluid\"><div class=\"wpb_column vc_column_container vc_col-sm-12 sc_layouts_column_icons_position_left\"><div class=\"vc_column-inner\"><div class=\"wpb_wrapper\"><div class=\"vc_empty_space  height_tiny\"   style=\"height: 32px\"><span class=\"vc_empty_space_inner\"><\/span><\/div>\n\t<div class=\"wpb_text_column wpb_content_element\" >\n\t\t<div class=\"wpb_wrapper\">\n\t\t\t<p>Later, she served as the vice-principal for several years at the Albert Schweitzer school in the city of Asunci\u00f3n, and she also assumed the role of acting Director for a period of time.<\/p>\n<p>Upon relocating to Ciudad del Este, she played a pivotal role in founding the Christian Educational Center (CEC School), the first bilingual school in the region.<\/p>\n<p class=\"translation-block\">She encouraged the Dagogliano Ocampo couple to establish a Kindergarten and Preschool, which they named Happy Children School. Director Rosa provided important ideas and directives to bring this project to fruition. Later, with the opening of the first elementary grades, both Director Rosa and Director Jorge joined this endeavor, thus founding the Instituto Cristiano Interactivo in 1997.<\/p>\n<p>Director Rosa had a passion for tending to the school's plants, strolling through the corridors and courtyards, and engaging in conversations with students, faculty, and staff. Her outgoing personality, powerful voice, and warm smile endeared her to all.<\/p>\n<p>In addition to her role as our general director, she managed a small store called \"Matices.\" The primary purpose of this store was to conveniently provide teachers, staff, parents, and students with various school-related items they may need.<\/p>\n<p class=\"translation-block\">Thus, the ICI today bears the mark and influence of Lic. Rosa Elena L\u00f3pez de Ocampo, who, with her love for God and her community, dedicated her life to the pursuit of education with passion and dedication.<\/p>\n\n\t\t<\/div>\n\t<\/div>\n<\/div><\/div><\/div><\/div><div class=\"vc_row wpb_row vc_row-fluid\"><div class=\"wpb_column vc_column_container vc_col-sm-12 sc_layouts_column_icons_position_left\"><div class=\"vc_column-inner\"><div class=\"wpb_wrapper\"><div class=\"vc_empty_space  height_tiny\"   style=\"height: 32px\"><span class=\"vc_empty_space_inner\"><\/span><\/div><\/div><\/div><\/div><\/div>\n<\/div>","protected":false},"excerpt":{"rendered":"DedicatoriaLic. Rosa Elena L\u00f3pez de OcampoLa directora Rosa fue la persona que Dios levant\u00f3 para inspirar e impulsar lo que hoy es el Instituto Cristiano Interactivo. Maestra de vocaci\u00f3n, formada en el sistema de la Escuela Normal que existi\u00f3 hasta&hellip;","protected":false},"author":1,"featured_media":0,"parent":0,"menu_order":0,"comment_status":"closed","ping_status":"closed","template":"","meta":{"content-type":"","footnotes":""},"class_list":["post-31","page","type-page","status-publish","hentry"],"_links":{"self":[{"href":"https:\/\/ici.edu.py\/en\/wp-json\/wp\/v2\/pages\/31","targetHints":{"allow":["GET"]}}],"collection":[{"href":"https:\/\/ici.edu.py\/en\/wp-json\/wp\/v2\/pages"}],"about":[{"href":"https:\/\/ici.edu.py\/en\/wp-json\/wp\/v2\/types\/page"}],"author":[{"embeddable":true,"href":"https:\/\/ici.edu.py\/en\/wp-json\/wp\/v2\/users\/1"}],"replies":[{"embeddable":true,"href":"https:\/\/ici.edu.py\/en\/wp-json\/wp\/v2\/comments?post=31"}],"version-history":[{"count":17,"href":"https:\/\/ici.edu.py\/en\/wp-json\/wp\/v2\/pages\/31\/revisions"}],"predecessor-version":[{"id":1009,"href":"https:\/\/ici.edu.py\/en\/wp-json\/wp\/v2\/pages\/31\/revisions\/1009"}],"wp:attachment":[{"href":"https:\/\/ici.edu.py\/en\/wp-json\/wp\/v2\/media?parent=31"}],"curies":[{"name":"wp","href":"https:\/\/api.w.org\/{rel}","templated":true}]}}