{"id":225,"date":"2017-03-15T09:36:52","date_gmt":"2017-03-15T09:36:52","guid":{"rendered":"https:\/\/greenville.ancorathemes.com\/?page_id=225"},"modified":"2024-03-18T17:39:46","modified_gmt":"2024-03-18T20:39:46","slug":"niveles","status":"publish","type":"page","link":"https:\/\/ici.edu.py\/en\/niveles\/","title":{"rendered":"Levels"},"content":{"rendered":"<div class=\"wpb-content-wrapper\"><div class=\"vc_row wpb_row vc_row-fluid\"><div class=\"wpb_column vc_column_container vc_col-sm-12 sc_layouts_column_icons_position_left\"><div class=\"vc_column-inner\"><div class=\"wpb_wrapper\"><div class=\"vc_empty_space  vc_custom_1491981326542 height_large\"   style=\"height: 32px\"><span class=\"vc_empty_space_inner\"><\/span><\/div><div id=\"sc_title_1285160792\"\n\t\tclass=\"sc_title sc_title_default\"><h6 class=\"sc_item_subtitle sc_title_subtitle sc_align_center sc_item_title_style_default\">Educaci\u00f3n<\/h6><h3 class=\"sc_item_title sc_title_title sc_align_center sc_item_title_style_default\">Levels<\/h3><\/div><!-- \/.sc_title --><div class=\"vc_empty_space  vc_custom_1491981479511 height_large\"   style=\"height: 32px\"><span class=\"vc_empty_space_inner\"><\/span><\/div><div id=\"sc_services_785603381\" class=\"sc_services sc_services_default sc_services_featured_top\"><div class=\"sc_services_columns sc_item_columns sc_item_columns_3 trx_addons_columns_wrap columns_padding_bottom\"><div class=\"trx_addons_column-1_3\"><div class=\"sc_services_item with_content with_image sc_services_item_featured_top\">\n\t<div class=\"post_featured with_thumb hover_dots sc_services_item_thumb\"><img loading=\"lazy\" decoding=\"async\" width=\"740\" height=\"400\" src=\"https:\/\/ici.edu.py\/wp-content\/uploads\/2017\/03\/Clausura-50-740x400.jpg\" class=\"attachment-greenville-thumb-med size-greenville-thumb-med wp-post-image\" alt=\"Nivel Inicial\" \/><div class=\"mask\"><\/div><a href=\"https:\/\/ici.edu.py\/en\/services\/nivel-inicial\/\" aria-hidden=\"true\" class=\"icons\"><span><\/span><span><\/span><span><\/span><\/a><\/div>\t\n\t<div class=\"sc_services_item_info\">\n\t\t<div class=\"sc_services_item_header\">\n\t\t\t<h4 class=\"sc_services_item_title\"><a href=\"https:\/\/ici.edu.py\/en\/services\/nivel-inicial\/\">EARLY CHILDHOOD EDUCATION (2 to 5 years)<\/a><\/h4>\n\t\t\t<div class=\"sc_services_item_subtitle\"><a href=\"https:\/\/ici.edu.py\/en\/services_group\/niveles\/\" title=\"View all posts in Niveles\">Levels<\/a><\/div>\n\t\t<\/div>\n\t\t\t\t\t<div class=\"sc_services_item_content\"><p>We aim for children to develop emotional, social, motor skills, as well as independence through stories, tales, and various activities that allow them to discover, explore, gain, create, imagine, and develop their intellectual abilities to build learning.<\/p>\n<\/div>\n\t\t\t<div class=\"sc_services_item_button sc_item_button\"><a href=\"https:\/\/ici.edu.py\/en\/services\/nivel-inicial\/\" class=\"sc_button sc_button_simple\">Learn more<\/a><\/div>\n\t\t\t<\/div>\n<\/div>\n<\/div><div class=\"trx_addons_column-1_3\"><div class=\"sc_services_item with_content with_image sc_services_item_featured_top\">\n\t<div class=\"post_featured with_thumb hover_dots sc_services_item_thumb\"><img loading=\"lazy\" decoding=\"async\" width=\"600\" height=\"400\" src=\"https:\/\/ici.edu.py\/wp-content\/uploads\/2017\/03\/nivel-medio-scaled-e1707850131727-600x400.jpg\" class=\"attachment-greenville-thumb-med size-greenville-thumb-med wp-post-image\" alt=\"EEB 1\u00ba a 9\u00ba grado\" srcset=\"https:\/\/ici.edu.py\/wp-content\/uploads\/2017\/03\/nivel-medio-scaled-e1707850131727-600x400.jpg 600w, https:\/\/ici.edu.py\/wp-content\/uploads\/2017\/03\/nivel-medio-scaled-e1707850131727-16x12.jpg 16w\" sizes=\"auto, (max-width: 600px) 100vw, 600px\" \/><div class=\"mask\"><\/div><a href=\"https:\/\/ici.edu.py\/en\/services\/educacion-escolar-basica-y-nivel-medio\/\" aria-hidden=\"true\" class=\"icons\"><span><\/span><span><\/span><span><\/span><\/a><\/div>\t\n\t<div class=\"sc_services_item_info\">\n\t\t<div class=\"sc_services_item_header\">\n\t\t\t<h4 class=\"sc_services_item_title\"><a href=\"https:\/\/ici.edu.py\/en\/services\/educacion-escolar-basica-y-nivel-medio\/\">EEB 1\u00ba a 9\u00ba grado<\/a><\/h4>\n\t\t\t<div class=\"sc_services_item_subtitle\"><a href=\"https:\/\/ici.edu.py\/en\/services_group\/niveles\/\" title=\"View all posts in Niveles\">Levels<\/a><\/div>\n\t\t<\/div>\n\t\t\t\t\t<div class=\"sc_services_item_content\"><p>We seek balance in providing a solid foundation in mathematics with the Singapore Method and in Communication and Spanish with the Bamb\u00fa Reading Plan (3 books per year)<\/p>\n<\/div>\n\t\t\t<div class=\"sc_services_item_button sc_item_button\"><a href=\"https:\/\/ici.edu.py\/en\/services\/educacion-escolar-basica-y-nivel-medio\/\" class=\"sc_button sc_button_simple\">Learn more<\/a><\/div>\n\t\t\t<\/div>\n<\/div>\n<\/div><div class=\"trx_addons_column-1_3\"><div class=\"sc_services_item with_content with_image sc_services_item_featured_top\">\n\t<div class=\"post_featured with_thumb hover_dots sc_services_item_thumb\"><img loading=\"lazy\" decoding=\"async\" width=\"740\" height=\"400\" src=\"https:\/\/ici.edu.py\/wp-content\/uploads\/2017\/03\/bachiller-scaled-e1707851051271-740x400.jpg\" class=\"attachment-greenville-thumb-med size-greenville-thumb-med wp-post-image\" alt=\"Nivel Medio\" srcset=\"https:\/\/ici.edu.py\/wp-content\/uploads\/2017\/03\/bachiller-scaled-e1707851051271-740x400.jpg 740w, https:\/\/ici.edu.py\/wp-content\/uploads\/2017\/03\/bachiller-scaled-e1707851051271-18x9.jpg 18w\" sizes=\"auto, (max-width: 740px) 100vw, 740px\" \/><div class=\"mask\"><\/div><a href=\"https:\/\/ici.edu.py\/en\/services\/nivel-medio\/\" aria-hidden=\"true\" class=\"icons\"><span><\/span><span><\/span><span><\/span><\/a><\/div>\t\n\t<div class=\"sc_services_item_info\">\n\t\t<div class=\"sc_services_item_header\">\n\t\t\t<h4 class=\"sc_services_item_title\"><a href=\"https:\/\/ici.edu.py\/en\/services\/nivel-medio\/\">High School<\/a><\/h4>\n\t\t\t<div class=\"sc_services_item_subtitle\"><a href=\"https:\/\/ici.edu.py\/en\/services_group\/niveles\/\" title=\"View all posts in Niveles\">Levels<\/a><\/div>\n\t\t<\/div>\n\t\t\t\t\t<div class=\"sc_services_item_content\"><p>At this stage, the primary objective is to adequately prepare students for university admission, with a strong emphasis on Chemistry and Physics, building upon the foundation laid in previous courses. This is complemented by an English curriculum that includes additional subjects such as History, Geography, Business, and preparation for the TOEFL Test. Moreover, students have the opportunity to take the TOEFL Test at school, as we are a certified testing center.<\/p>\n<\/div>\n\t\t\t<div class=\"sc_services_item_button sc_item_button\"><a href=\"https:\/\/ici.edu.py\/en\/services\/nivel-medio\/\" class=\"sc_button sc_button_simple\">Learn more<\/a><\/div>\n\t\t\t<\/div>\n<\/div>\n<\/div><\/div><\/div><!-- \/.sc_services --><div class=\"vc_empty_space  vc_custom_1491982451305 height_small\"   style=\"height: 32px\"><span class=\"vc_empty_space_inner\"><\/span><\/div><\/div><\/div><\/div><\/div>\n<\/div>","protected":false},"excerpt":{"rendered":"\u00e9nfasis en Ciencias B\u00e1sicasEn esta etapa el objetivo principal es preparar convenientemente al estudiante para el ingreso a la Universidad, con \u00e9nfasis en Qu\u00edmica y F\u00edsica adem\u00e1s de todo lo aplicado en cursos anteriores, complementado con el curr\u00edculo de Ingl\u00e9s,&hellip;","protected":false},"author":1,"featured_media":0,"parent":0,"menu_order":0,"comment_status":"closed","ping_status":"closed","template":"","meta":{"content-type":"","footnotes":""},"class_list":["post-225","page","type-page","status-publish","hentry"],"_links":{"self":[{"href":"https:\/\/ici.edu.py\/en\/wp-json\/wp\/v2\/pages\/225","targetHints":{"allow":["GET"]}}],"collection":[{"href":"https:\/\/ici.edu.py\/en\/wp-json\/wp\/v2\/pages"}],"about":[{"href":"https:\/\/ici.edu.py\/en\/wp-json\/wp\/v2\/types\/page"}],"author":[{"embeddable":true,"href":"https:\/\/ici.edu.py\/en\/wp-json\/wp\/v2\/users\/1"}],"replies":[{"embeddable":true,"href":"https:\/\/ici.edu.py\/en\/wp-json\/wp\/v2\/comments?post=225"}],"version-history":[{"count":9,"href":"https:\/\/ici.edu.py\/en\/wp-json\/wp\/v2\/pages\/225\/revisions"}],"predecessor-version":[{"id":1517,"href":"https:\/\/ici.edu.py\/en\/wp-json\/wp\/v2\/pages\/225\/revisions\/1517"}],"wp:attachment":[{"href":"https:\/\/ici.edu.py\/en\/wp-json\/wp\/v2\/media?parent=225"}],"curies":[{"name":"wp","href":"https:\/\/api.w.org\/{rel}","templated":true}]}}