{"id":1705,"date":"2025-07-09T08:36:56","date_gmt":"2025-07-09T12:36:56","guid":{"rendered":"https:\/\/ici.edu.py\/?page_id=1705"},"modified":"2025-09-05T07:21:25","modified_gmt":"2025-09-05T10:21:25","slug":"la-mascota","status":"publish","type":"page","link":"https:\/\/ici.edu.py\/en\/la-mascota\/","title":{"rendered":"The Mascot"},"content":{"rendered":"<div class=\"wpb-content-wrapper\"><div class=\"vc_row wpb_row vc_row-fluid vc_row-o-equal-height vc_row-o-content-middle vc_row-flex\"><div class=\"wpb_column vc_column_container vc_col-sm-7 sc_layouts_column_icons_position_left\"><div class=\"vc_column-inner\"><div class=\"wpb_wrapper\"><div class=\"vc_empty_space  height_large\"   style=\"height: 32px\"><span class=\"vc_empty_space_inner\"><\/span><\/div>\n\t<div  class=\"wpb_single_image wpb_content_element vc_align_center  vc_custom_1752064747723\">\n\t\t\n\t\t<figure class=\"wpb_wrapper vc_figure\">\n\t\t\t<div class=\"vc_single_image-wrapper   vc_box_border_grey\"><img decoding=\"async\" class=\"vc_single_image-img\" src=\"https:\/\/ici.edu.py\/wp-content\/uploads\/2024\/03\/Otto1-644x689.png\" width=\"644\" height=\"689\" alt=\"Otto1\" title=\"Otto1\" loading=\"lazy\" \/><\/div>\n\t\t<\/figure>\n\t<\/div>\n<div class=\"vc_empty_space  height_tiny\"   style=\"height: 32px\"><span class=\"vc_empty_space_inner\"><\/span><\/div><\/div><\/div><\/div><div class=\"wpb_column vc_column_container vc_col-sm-5 sc_layouts_column_icons_position_left\"><div class=\"vc_column-inner\"><div class=\"wpb_wrapper\"><div class=\"vc_empty_space  height_small\"   style=\"height: 32px\"><span class=\"vc_empty_space_inner\"><\/span><\/div><div id=\"sc_title_565406824\"\n\t\tclass=\"sc_title sc_title_default\"><h6 class=\"sc_item_subtitle sc_title_subtitle sc_align_left sc_item_title_style_default\">The Jaguar<\/h6><h2 class=\"sc_item_title sc_title_title sc_align_left sc_item_title_style_default sc_item_title_tag\">Our ICI Mascot<\/h2><div class=\"sc_item_descr sc_title_descr sc_align_left\"><\/p>\n<h3>Why the jaguar?<\/h3>\n<p>The jaguar not only symbolizes power; it also represents values we find in the Word of God that are important to us: strength, wisdom, and purpose.<\/p>\n<p>Around 2007, the founding directors adopted the mascot with the aim of raising awareness and spreading information about this endangered native animal. Years later our mascot reappeared in 2018, when it was baptized by our students with the name <b>Otto<\/b>. <b>Otto<\/b>.<\/p>\n<\/div><\/div><!-- \/.sc_title --><div class=\"vc_empty_space  height_small\"   style=\"height: 32px\"><span class=\"vc_empty_space_inner\"><\/span><\/div><\/div><\/div><\/div><\/div><div class=\"vc_row wpb_row vc_row-fluid\"><div class=\"wpb_column vc_column_container vc_col-sm-6 sc_layouts_column_icons_position_left\"><div class=\"vc_column-inner\"><div class=\"wpb_wrapper\"><div class=\"vc_empty_space  height_tiny\"   style=\"height: 50px\"><span class=\"vc_empty_space_inner\"><\/span><\/div>\n\t<div class=\"wpb_text_column wpb_content_element\" >\n\t\t<div class=\"wpb_wrapper\">\n\t\t\t<h3>World Jaguar Day (Panthera onca)<\/h3>\n<p>Date declared by the Conference of the Parties to the Convention on Biological Diversity (Cop14) in 2018, sponsored by the United Nations (UN).<\/p>\n<p>(Source: https:\/\/www.itaipu.gov.py\/noticias\/medio-ambiente\/)<\/p>\n<h3>\ud83d\udc3e  Strength that comes from God:<\/h3>\n<p>he jaguar is the most powerful feline in America! At ICI, we understand true strength as that which comes from God.\nIt is not about imposing oneself, but about standing firm in values, truth, and love.<\/p>\n<p>\ud83d\udcd6 \u201cI can do all things through Christ who strengthens me.\u201d (Philippians 4:13)<\/p>\n<h3>\ud83c\udf2a\ufe0f Agility to serve:<\/h3>\n<p>The jaguar moves with stealth, speed, and precision.\nWe seek that same agility in learning, collaboration, and problem-solving, not only to excel, but to serve others with excellence.<\/p>\n<p>\ud83d\udcd6  \u201cWhatever you do, work at it with all your heart, as working for the Lord, not for human masters.\u201d \n(Colossians 3:23)<\/p>\n<h3>\ud83e\udde0 Intelligence and wisdom guided by God:<\/h3>\n<p>The jaguar is a symbol of intuition and balance.\nAt ICI, we understand that true wisdom comes from God and as our guiding verse<\/p>\n<p>\u201cWisdom is more precious than rubies\u201d (Proverbs 8:11).<\/p>\n\n\t\t<\/div>\n\t<\/div>\n<\/div><\/div><\/div><div class=\"wpb_column vc_column_container vc_col-sm-6 sc_layouts_column_icons_position_left\"><div class=\"vc_column-inner\"><div class=\"wpb_wrapper\">\n\t<div  class=\"wpb_single_image wpb_content_element vc_align_left\">\n\t\t\n\t\t<figure class=\"wpb_wrapper vc_figure\">\n\t\t\t<div class=\"vc_single_image-wrapper   vc_box_border_grey\"><img loading=\"lazy\" decoding=\"async\" width=\"1810\" height=\"2560\" src=\"https:\/\/ici.edu.py\/wp-content\/uploads\/2025\/09\/Otto-joven_resized-scaled.png\" class=\"vc_single_image-img attachment-full\" alt=\"\" title=\"Otto joven_resized\" srcset=\"https:\/\/ici.edu.py\/wp-content\/uploads\/2025\/09\/Otto-joven_resized-scaled.png 1810w, https:\/\/ici.edu.py\/wp-content\/uploads\/2025\/09\/Otto-joven_resized-212x300.png 212w, https:\/\/ici.edu.py\/wp-content\/uploads\/2025\/09\/Otto-joven_resized-724x1024.png 724w, https:\/\/ici.edu.py\/wp-content\/uploads\/2025\/09\/Otto-joven_resized-768x1086.png 768w, https:\/\/ici.edu.py\/wp-content\/uploads\/2025\/09\/Otto-joven_resized-1086x1536.png 1086w, https:\/\/ici.edu.py\/wp-content\/uploads\/2025\/09\/Otto-joven_resized-1448x2048.png 1448w, https:\/\/ici.edu.py\/wp-content\/uploads\/2025\/09\/Otto-joven_resized-8x12.png 8w, https:\/\/ici.edu.py\/wp-content\/uploads\/2025\/09\/Otto-joven_resized-370x523.png 370w, https:\/\/ici.edu.py\/wp-content\/uploads\/2025\/09\/Otto-joven_resized-283x400.png 283w, https:\/\/ici.edu.py\/wp-content\/uploads\/2025\/09\/Otto-joven_resized-390x552.png 390w, https:\/\/ici.edu.py\/wp-content\/uploads\/2025\/09\/Otto-joven_resized-760x1075.png 760w\" sizes=\"auto, (max-width: 1810px) 100vw, 1810px\" \/><\/div>\n\t\t<\/figure>\n\t<\/div>\n<\/div><\/div><\/div><\/div><div class=\"vc_row wpb_row vc_row-fluid\"><div class=\"wpb_column vc_column_container vc_col-sm-12 sc_layouts_column_icons_position_left\"><div class=\"vc_column-inner\"><div class=\"wpb_wrapper\"><div class=\"vc_empty_space  height_tiny\"   style=\"height: 32px\"><span class=\"vc_empty_space_inner\"><\/span><\/div><div class=\"vc_row wpb_row vc_inner vc_row-fluid\"><div class=\"wpb_column vc_column_container vc_col-sm-6 sc_layouts_column_icons_position_left\"><div class=\"vc_column-inner\"><div class=\"wpb_wrapper\">\n\t<div  class=\"wpb_single_image wpb_content_element vc_align_center\">\n\t\t\n\t\t<figure class=\"wpb_wrapper vc_figure\">\n\t\t\t<div class=\"vc_single_image-wrapper   vc_box_border_grey\"><img loading=\"lazy\" decoding=\"async\" width=\"2560\" height=\"1706\" src=\"https:\/\/ici.edu.py\/wp-content\/uploads\/2025\/09\/Otto_resized-scaled.jpg\" class=\"vc_single_image-img attachment-full\" alt=\"\" title=\"Otto_resized\" srcset=\"https:\/\/ici.edu.py\/wp-content\/uploads\/2025\/09\/Otto_resized-scaled.jpg 2560w, https:\/\/ici.edu.py\/wp-content\/uploads\/2025\/09\/Otto_resized-300x200.jpg 300w, https:\/\/ici.edu.py\/wp-content\/uploads\/2025\/09\/Otto_resized-1024x683.jpg 1024w, https:\/\/ici.edu.py\/wp-content\/uploads\/2025\/09\/Otto_resized-768x512.jpg 768w, https:\/\/ici.edu.py\/wp-content\/uploads\/2025\/09\/Otto_resized-1536x1024.jpg 1536w, https:\/\/ici.edu.py\/wp-content\/uploads\/2025\/09\/Otto_resized-2048x1365.jpg 2048w, https:\/\/ici.edu.py\/wp-content\/uploads\/2025\/09\/Otto_resized-18x12.jpg 18w, https:\/\/ici.edu.py\/wp-content\/uploads\/2025\/09\/Otto_resized-370x247.jpg 370w, https:\/\/ici.edu.py\/wp-content\/uploads\/2025\/09\/Otto_resized-600x400.jpg 600w, https:\/\/ici.edu.py\/wp-content\/uploads\/2025\/09\/Otto_resized-828x552.jpg 828w, https:\/\/ici.edu.py\/wp-content\/uploads\/2025\/09\/Otto_resized-760x507.jpg 760w\" sizes=\"auto, (max-width: 2560px) 100vw, 2560px\" \/><\/div>\n\t\t<\/figure>\n\t<\/div>\n<\/div><\/div><\/div><div class=\"wpb_column vc_column_container vc_col-sm-6 sc_layouts_column_icons_position_left\"><div class=\"vc_column-inner\"><div class=\"wpb_wrapper\">\n\t<div  class=\"wpb_single_image wpb_content_element vc_align_center\">\n\t\t\n\t\t<figure class=\"wpb_wrapper vc_figure\">\n\t\t\t<div class=\"vc_single_image-wrapper   vc_box_border_grey\"><img loading=\"lazy\" decoding=\"async\" width=\"2560\" height=\"1707\" src=\"https:\/\/ici.edu.py\/wp-content\/uploads\/2025\/09\/Otto-en-Fam-Day_resized-scaled.jpg\" class=\"vc_single_image-img attachment-full\" alt=\"\" title=\"Otto en Fam Day_resized\" srcset=\"https:\/\/ici.edu.py\/wp-content\/uploads\/2025\/09\/Otto-en-Fam-Day_resized-scaled.jpg 2560w, https:\/\/ici.edu.py\/wp-content\/uploads\/2025\/09\/Otto-en-Fam-Day_resized-300x200.jpg 300w, https:\/\/ici.edu.py\/wp-content\/uploads\/2025\/09\/Otto-en-Fam-Day_resized-1024x683.jpg 1024w, https:\/\/ici.edu.py\/wp-content\/uploads\/2025\/09\/Otto-en-Fam-Day_resized-768x512.jpg 768w, https:\/\/ici.edu.py\/wp-content\/uploads\/2025\/09\/Otto-en-Fam-Day_resized-1536x1024.jpg 1536w, https:\/\/ici.edu.py\/wp-content\/uploads\/2025\/09\/Otto-en-Fam-Day_resized-2048x1365.jpg 2048w, https:\/\/ici.edu.py\/wp-content\/uploads\/2025\/09\/Otto-en-Fam-Day_resized-18x12.jpg 18w, https:\/\/ici.edu.py\/wp-content\/uploads\/2025\/09\/Otto-en-Fam-Day_resized-370x247.jpg 370w, https:\/\/ici.edu.py\/wp-content\/uploads\/2025\/09\/Otto-en-Fam-Day_resized-600x400.jpg 600w, https:\/\/ici.edu.py\/wp-content\/uploads\/2025\/09\/Otto-en-Fam-Day_resized-828x552.jpg 828w, https:\/\/ici.edu.py\/wp-content\/uploads\/2025\/09\/Otto-en-Fam-Day_resized-760x507.jpg 760w\" sizes=\"auto, (max-width: 2560px) 100vw, 2560px\" \/><\/div>\n\t\t<\/figure>\n\t<\/div>\n<\/div><\/div><\/div><\/div><div class=\"vc_empty_space  height_tiny\"   style=\"height: 32px\"><span class=\"vc_empty_space_inner\"><\/span><\/div><\/div><\/div><\/div><\/div>\n<\/div>","protected":false},"excerpt":{"rendered":"El Yaguaret\u00e9Nuestra mascota ICI\u00bfPor qu\u00e9 el yaguaret\u00e9? El yaguaret\u00e9 no solo es s\u00edmbolo de fuerza, sino que, en nuestra identidad tambi\u00e9n refleja virtudes que encontramos en la Palabra de Dios: fortaleza, sabidur\u00eda y prop\u00f3sito. Alrededor del 2007 los directores fundadores&hellip;","protected":false},"author":1,"featured_media":0,"parent":0,"menu_order":0,"comment_status":"closed","ping_status":"closed","template":"","meta":{"content-type":"","footnotes":""},"class_list":["post-1705","page","type-page","status-publish","hentry"],"_links":{"self":[{"href":"https:\/\/ici.edu.py\/en\/wp-json\/wp\/v2\/pages\/1705","targetHints":{"allow":["GET"]}}],"collection":[{"href":"https:\/\/ici.edu.py\/en\/wp-json\/wp\/v2\/pages"}],"about":[{"href":"https:\/\/ici.edu.py\/en\/wp-json\/wp\/v2\/types\/page"}],"author":[{"embeddable":true,"href":"https:\/\/ici.edu.py\/en\/wp-json\/wp\/v2\/users\/1"}],"replies":[{"embeddable":true,"href":"https:\/\/ici.edu.py\/en\/wp-json\/wp\/v2\/comments?post=1705"}],"version-history":[{"count":17,"href":"https:\/\/ici.edu.py\/en\/wp-json\/wp\/v2\/pages\/1705\/revisions"}],"predecessor-version":[{"id":1711,"href":"https:\/\/ici.edu.py\/en\/wp-json\/wp\/v2\/pages\/1705\/revisions\/1711"}],"wp:attachment":[{"href":"https:\/\/ici.edu.py\/en\/wp-json\/wp\/v2\/media?parent=1705"}],"curies":[{"name":"wp","href":"https:\/\/api.w.org\/{rel}","templated":true}]}}