{"id":928,"date":"2024-01-31T12:50:31","date_gmt":"2024-01-31T11:50:31","guid":{"rendered":"https:\/\/ici.edu.py\/2024\/?page_id=928"},"modified":"2024-06-29T07:20:40","modified_gmt":"2024-06-29T11:20:40","slug":"agendamiento-de-cumples","status":"publish","type":"page","link":"http:\/\/ici.edu.py\/es\/agendamiento-de-cumples\/","title":{"rendered":"Agendamiento de Cumplea\u00f1os"},"content":{"rendered":"<div class=\"wpb-content-wrapper\"><div class=\"vc_row wpb_row vc_row-fluid vc_row-o-equal-height vc_row-o-content-middle vc_row-flex\"><div class=\"wpb_column vc_column_container vc_col-sm-6 sc_layouts_column_icons_position_left\"><div class=\"vc_column-inner\"><div class=\"wpb_wrapper\"><div class=\"vc_empty_space  vc_custom_1492086064617 height_tiny\"   style=\"height: 32px\"><span class=\"vc_empty_space_inner\"><\/span><\/div><div id=\"sc_title_1684732859\"\n\t\tclass=\"sc_title sc_title_default\"><h6 class=\"sc_item_subtitle sc_title_subtitle sc_align_center sc_item_title_style_default\">FESTEJOS<\/h6><h2 class=\"sc_item_title sc_title_title sc_align_center sc_item_title_style_default sc_item_title_tag\">Agendamiento de Cumplea\u00f1os<\/h2><\/div><!-- \/.sc_title --><div class=\"vc_empty_space  vc_custom_1492086087593 height_small\"   style=\"height: 32px\"><span class=\"vc_empty_space_inner\"><\/span><\/div>\n\t<div class=\"wpb_text_column wpb_content_element \" >\n\t\t<div class=\"wpb_wrapper\">\n\t\t\t<p style=\"text-align: center;\">Para hacer uso de las instalaciones del colegio para festejos de cumplea\u00f1os, es imprescindible el cumplimiento de nuestro reglamento, para evitar inconvenientes en el d\u00eda y lo puedan pasar fant\u00e1stico!<\/p>\n\n\t\t<\/div>\n\t<\/div>\n<div class=\"vc_empty_space  vc_custom_1492086116056 height_small\"   style=\"height: 32px\"><span class=\"vc_empty_space_inner\"><\/span><\/div><div class=\"vc_btn3-container vc_btn3-center\" ><a class=\"vc_general vc_btn3 vc_btn3-size-lg vc_btn3-shape-rounded vc_btn3-style-modern vc_btn3-color-warning\" href=\"https:\/\/ici.edu.py\/wp-content\/uploads\/2024\/04\/REGLAMENTO-DE-FESTEJO-DE-CUMPLEANOS-2024.pdf\" title=\"\" target=\"_blank\">Reglamento de Festejos de cumple\u00f1os<\/a><\/div><div class=\"vc_empty_space  vc_custom_1492086116056 height_small\"   style=\"height: 32px\"><span class=\"vc_empty_space_inner\"><\/span><\/div>\n\t<div class=\"wpb_raw_code wpb_content_element wpb_raw_html\" >\n\t\t<div class=\"wpb_wrapper\">\n\t\t\t<div class=\"form-check\">\n  <input class=\"form-check-input\" type=\"checkbox\" value=\"\" id=\"flexCheckDefault\">\n  <label class=\"form-check-label\" for=\"flexCheckDefault\">\n    Me comprometo a cumplir el Reglamento Institucional para festejo de cumplea\u00f1os.\n  <\/label>\n<\/div>\n\t\t<\/div>\n\t<\/div>\n<div class=\"vc_empty_space  vc_custom_1492086116056 height_small\"   style=\"height: 32px\"><span class=\"vc_empty_space_inner\"><\/span><\/div><div class=\"vc_row wpb_row vc_inner vc_row-fluid\"><div class=\"wpb_column vc_column_container vc_col-sm-6 sc_layouts_column_icons_position_left\"><div class=\"vc_column-inner\"><div class=\"wpb_wrapper\"><div class=\"vc_btn3-container vc_btn3-center\" ><a class=\"vc_general vc_btn3 vc_btn3-size-md vc_btn3-shape-rounded vc_btn3-style-modern vc_btn3-color-warning\" href=\"https:\/\/meetings.hubspot.com\/carolina-vera-sanchez\" title=\"Maternal\" target=\"_blank\">Maternal<\/a><\/div><\/div><\/div><\/div><div class=\"wpb_column vc_column_container vc_col-sm-6 sc_layouts_column_icons_position_left\"><div class=\"vc_column-inner\"><div class=\"wpb_wrapper\"><div class=\"vc_btn3-container vc_btn3-center\" ><a class=\"vc_general vc_btn3 vc_btn3-size-md vc_btn3-shape-rounded vc_btn3-style-modern vc_btn3-color-warning\" href=\"https:\/\/meetings.hubspot.com\/judith-ortega\" title=\"Jardin 1 rojo\" target=\"_blank\">Jard\u00edn 1 Rojo<\/a><\/div><\/div><\/div><\/div><\/div><div class=\"vc_empty_space  vc_custom_1492086116056 height_small\"   style=\"height: 32px\"><span class=\"vc_empty_space_inner\"><\/span><\/div><div class=\"vc_row wpb_row vc_inner vc_row-fluid\"><div class=\"wpb_column vc_column_container vc_col-sm-6 sc_layouts_column_icons_position_left\"><div class=\"vc_column-inner\"><div class=\"wpb_wrapper\"><div class=\"vc_btn3-container vc_btn3-center\" ><a class=\"vc_general vc_btn3 vc_btn3-size-md vc_btn3-shape-rounded vc_btn3-style-modern vc_btn3-color-warning\" href=\"https:\/\/meetings.hubspot.com\/guadalupe-britez\" title=\"\" target=\"_blank\">Jard\u00edn 1 Celeste<\/a><\/div><\/div><\/div><\/div><div class=\"wpb_column vc_column_container vc_col-sm-6 sc_layouts_column_icons_position_left\"><div class=\"vc_column-inner\"><div class=\"wpb_wrapper\"><div class=\"vc_btn3-container vc_btn3-center\" ><a class=\"vc_general vc_btn3 vc_btn3-size-md vc_btn3-shape-rounded vc_btn3-style-modern vc_btn3-color-warning\" href=\"https:\/\/meetings.hubspot.com\/magali-riveros\" title=\"\" target=\"_blank\">Jard\u00edn 2 Amarillo<\/a><\/div><\/div><\/div><\/div><\/div><div class=\"vc_empty_space  vc_custom_1492086116056 height_small\"   style=\"height: 32px\"><span class=\"vc_empty_space_inner\"><\/span><\/div><div class=\"vc_row wpb_row vc_inner vc_row-fluid\"><div class=\"wpb_column vc_column_container vc_col-sm-6 sc_layouts_column_icons_position_left\"><div class=\"vc_column-inner\"><div class=\"wpb_wrapper\"><div class=\"vc_btn3-container vc_btn3-center\" ><a class=\"vc_general vc_btn3 vc_btn3-size-md vc_btn3-shape-rounded vc_btn3-style-modern vc_btn3-color-warning\" href=\"https:\/\/meetings.hubspot.com\/lila-olmedo\" title=\"\" target=\"_blank\">Jard\u00edn 2 Verde<\/a><\/div><\/div><\/div><\/div><div class=\"wpb_column vc_column_container vc_col-sm-6 sc_layouts_column_icons_position_left\"><div class=\"vc_column-inner\"><div class=\"wpb_wrapper\"><div class=\"vc_btn3-container vc_btn3-center\" ><a class=\"vc_general vc_btn3 vc_btn3-size-md vc_btn3-shape-rounded vc_btn3-style-modern vc_btn3-color-warning\" href=\"https:\/\/meetings.hubspot.com\/cinthia-vargas\" title=\"\" target=\"_blank\">Preescolar Lila<\/a><\/div><\/div><\/div><\/div><\/div><div class=\"vc_empty_space  vc_custom_1492086116056 height_small\"   style=\"height: 32px\"><span class=\"vc_empty_space_inner\"><\/span><\/div><div class=\"vc_row wpb_row vc_inner vc_row-fluid\"><div class=\"wpb_column vc_column_container vc_col-sm-6 sc_layouts_column_icons_position_left\"><div class=\"vc_column-inner\"><div class=\"wpb_wrapper\"><div class=\"vc_btn3-container vc_btn3-center\" ><a class=\"vc_general vc_btn3 vc_btn3-size-md vc_btn3-shape-rounded vc_btn3-style-modern vc_btn3-color-warning\" href=\"https:\/\/meetings.hubspot.com\/leidi-peralta\" title=\"Prescolar Naranja\" target=\"_blank\">Preescolar Naranja<\/a><\/div><\/div><\/div><\/div><div class=\"wpb_column vc_column_container vc_col-sm-6 sc_layouts_column_icons_position_left\"><div class=\"vc_column-inner\"><div class=\"wpb_wrapper\"><div class=\"vc_btn3-container vc_btn3-center\" ><a class=\"vc_general vc_btn3 vc_btn3-size-md vc_btn3-shape-rounded vc_btn3-style-modern vc_btn3-color-warning\" href=\"https:\/\/meetings.hubspot.com\/rumilda\" title=\"\" target=\"_blank\">Primer Grado A<\/a><\/div><\/div><\/div><\/div><\/div><div class=\"vc_empty_space  vc_custom_1492086116056 height_small\"   style=\"height: 32px\"><span class=\"vc_empty_space_inner\"><\/span><\/div><div class=\"vc_row wpb_row vc_inner vc_row-fluid\"><div class=\"wpb_column vc_column_container vc_col-sm-6 sc_layouts_column_icons_position_left\"><div class=\"vc_column-inner\"><div class=\"wpb_wrapper\"><div class=\"vc_btn3-container vc_btn3-center\" ><a class=\"vc_general vc_btn3 vc_btn3-size-md vc_btn3-shape-rounded vc_btn3-style-modern vc_btn3-color-warning\" href=\"https:\/\/meetings.hubspot.com\/nani-pozzo\" title=\"\" target=\"_blank\">Primer Grado B<\/a><\/div><\/div><\/div><\/div><div class=\"wpb_column vc_column_container vc_col-sm-6 sc_layouts_column_icons_position_left\"><div class=\"vc_column-inner\"><div class=\"wpb_wrapper\"><\/div><\/div><\/div><\/div><\/div><\/div><\/div><div class=\"wpb_column vc_column_container vc_col-sm-6 sc_layouts_column_icons_position_left\"><div class=\"vc_column-inner\"><div class=\"wpb_wrapper\">\n\t<div  class=\"wpb_single_image wpb_content_element vc_align_center\">\n\t\t\n\t\t<figure class=\"wpb_wrapper vc_figure\">\n\t\t\t<div class=\"vc_single_image-wrapper   vc_box_border_grey\"><img loading=\"lazy\" decoding=\"async\" width=\"1024\" height=\"683\" src=\"https:\/\/ici.edu.py\/wp-content\/uploads\/2024\/02\/orosmoment-com-1024x683.jpg\" class=\"vc_single_image-img attachment-large\" alt=\"\" title=\"\" srcset=\"https:\/\/ici.edu.py\/wp-content\/uploads\/2024\/02\/orosmoment-com-1024x683.jpg 1024w, https:\/\/ici.edu.py\/wp-content\/uploads\/2024\/02\/orosmoment-com-300x200.jpg 300w, https:\/\/ici.edu.py\/wp-content\/uploads\/2024\/02\/orosmoment-com-768x512.jpg 768w, https:\/\/ici.edu.py\/wp-content\/uploads\/2024\/02\/orosmoment-com-1536x1025.jpg 1536w, https:\/\/ici.edu.py\/wp-content\/uploads\/2024\/02\/orosmoment-com-370x247.jpg 370w, https:\/\/ici.edu.py\/wp-content\/uploads\/2024\/02\/orosmoment-com-600x400.jpg 600w, https:\/\/ici.edu.py\/wp-content\/uploads\/2024\/02\/orosmoment-com-828x552.jpg 828w, https:\/\/ici.edu.py\/wp-content\/uploads\/2024\/02\/orosmoment-com-760x507.jpg 760w, https:\/\/ici.edu.py\/wp-content\/uploads\/2024\/02\/orosmoment-com.jpg 2048w\" sizes=\"auto, (max-width: 1024px) 100vw, 1024px\" \/><\/div>\n\t\t<\/figure>\n\t<\/div>\n<\/div><\/div><\/div><div class=\"wpb_column vc_column_container vc_col-sm-12 sc_layouts_column_icons_position_left\"><div class=\"vc_column-inner\"><div class=\"wpb_wrapper\"><div class=\"vc_empty_space  vc_custom_1492088871817 height_large\"   style=\"height: 32px\"><span class=\"vc_empty_space_inner\"><\/span><\/div><\/div><\/div><\/div><\/div><div class=\"vc_row wpb_row vc_row-fluid\"><div class=\"wpb_column vc_column_container vc_col-sm-8 vc_col-lg-offset-2 vc_col-md-offset-2 vc_col-sm-offset-2 sc_layouts_column_icons_position_left\"><div class=\"vc_column-inner\"><div class=\"wpb_wrapper\"><div class=\"vc_empty_space  vc_custom_1492089324082 height_large\"   style=\"height: 32px\"><span class=\"vc_empty_space_inner\"><\/span><\/div><div id=\"sc_title_790345711\"\n\t\tclass=\"sc_title sc_title_default\"><h6 class=\"sc_item_subtitle sc_title_subtitle sc_align_center sc_item_title_style_default\">CUMPLEA\u00d1OS<\/h6><h2 class=\"sc_item_title sc_title_title sc_align_center sc_item_title_style_default sc_item_title_tag\">Preguntas Frecuentes sobre los festejos en aula<\/h2><\/div><!-- \/.sc_title --><div class=\"vc_empty_space  vc_custom_1492089343106 height_medium\"   style=\"height: 32px\"><span class=\"vc_empty_space_inner\"><\/span><\/div><div class=\"vc_tta-container\" data-vc-action=\"collapse\"><div class=\"vc_general vc_tta vc_tta-accordion vc_tta-color-grey vc_tta-style-classic vc_tta-shape-rounded vc_tta-o-shape-group vc_tta-controls-align-default\"><div class=\"vc_tta-panels-container\"><div class=\"vc_tta-panels\"><div class=\"vc_tta-panel vc_active\" id=\"1489506734281-d180c5d5-923a\" data-vc-content=\".vc_tta-panel-body\"><div class=\"vc_tta-panel-heading\"><h4 class=\"vc_tta-panel-title vc_tta-controls-icon-position-right\"><a href=\"#1489506734281-d180c5d5-923a\" data-vc-accordion data-vc-container=\".vc_tta-container\"><span class=\"vc_tta-title-text\">El cumple de mi hijo lo puedo celebrar en el aula con sus compa\u00f1eros?<\/span><i class=\"vc_tta-controls-icon vc_tta-controls-icon-chevron\"><\/i><\/a><\/h4><\/div><div class=\"vc_tta-panel-body\">\n\t<div class=\"wpb_text_column wpb_content_element \" >\n\t\t<div class=\"wpb_wrapper\">\n\t\t\t<p>Si!, se puede utilizar un horario asignado para cada grado y una duraci\u00f3n determinada para ello.<\/p>\n\n\t\t<\/div>\n\t<\/div>\n<\/div><\/div><div class=\"vc_tta-panel\" id=\"1489506850676-e03fdbef-8b21\" data-vc-content=\".vc_tta-panel-body\"><div class=\"vc_tta-panel-heading\"><h4 class=\"vc_tta-panel-title vc_tta-controls-icon-position-right\"><a href=\"#1489506850676-e03fdbef-8b21\" data-vc-accordion data-vc-container=\".vc_tta-container\"><span class=\"vc_tta-title-text\">En que momento del d\u00eda se podr\u00e1 celebrar el cumplea\u00f1os?<\/span><i class=\"vc_tta-controls-icon vc_tta-controls-icon-chevron\"><\/i><\/a><\/h4><\/div><div class=\"vc_tta-panel-body\">\n\t<div class=\"wpb_text_column wpb_content_element \" >\n\t\t<div class=\"wpb_wrapper\">\n\t\t\t<p>Los horarios establecidos para los festejos son los siguientes:<\/p>\n<p><strong>Horario para festejo de cumplea\u00f1os:<\/strong><br \/>\n<strong>Maternal<\/strong> 9:20 a 9:50<br \/>\n<strong>Jard\u00edn 1 Rojo<\/strong> 9:40 a 10:10<br \/>\n<strong>Jard\u00edn 1 Celeste<\/strong> 9:45 a 10:15<br \/>\n<strong>Jard\u00edn 2 Amarillo<\/strong> 9:45 a 10:15<br \/>\n<strong>Jard\u00edn 2 Verde<\/strong> 8:45 a 9:15<br \/>\n<strong>Preescolar Naranja<\/strong> 9:20 a 9:45<br \/>\n<strong>Preescolar Lila<\/strong> 9:20 a 9:45<br \/>\n<strong>Primer grado A<\/strong>: 8:40 a 9:10<br \/>\n<strong>Primer grado B<\/strong>: 8:40 a 9:10<\/p>\n\n\t\t<\/div>\n\t<\/div>\n<\/div><\/div><div class=\"vc_tta-panel\" id=\"1489506847901-1e8cf87e-2b34\" data-vc-content=\".vc_tta-panel-body\"><div class=\"vc_tta-panel-heading\"><h4 class=\"vc_tta-panel-title vc_tta-controls-icon-position-right\"><a href=\"#1489506847901-1e8cf87e-2b34\" data-vc-accordion data-vc-container=\".vc_tta-container\"><span class=\"vc_tta-title-text\">Cuanto tiempo se puede utilizar para el festejo?<\/span><i class=\"vc_tta-controls-icon vc_tta-controls-icon-chevron\"><\/i><\/a><\/h4><\/div><div class=\"vc_tta-panel-body\">\n\t<div class=\"wpb_text_column wpb_content_element \" >\n\t\t<div class=\"wpb_wrapper\">\n\t\t\t<p>Para los festejos en las aulas se destina el tiempo de 30 a 40 minutos.<\/p>\n\n\t\t<\/div>\n\t<\/div>\n<\/div><\/div><\/div><\/div><\/div><\/div><div class=\"vc_empty_space  vc_custom_1492089472692 height_medium\"   style=\"height: 32px\"><span class=\"vc_empty_space_inner\"><\/span><\/div><\/div><\/div><\/div><\/div><div class=\"vc_row wpb_row vc_row-fluid\"><div class=\"wpb_column vc_column_container vc_col-sm-12 sc_layouts_column_icons_position_left\"><div class=\"vc_column-inner\"><div class=\"wpb_wrapper\"><\/div><\/div><\/div><\/div>\n<\/div>","protected":false},"excerpt":{"rendered":"FESTEJOSAgendamiento de Cumplea\u00f1os Para hacer uso de las instalaciones del colegio para festejos de cumplea\u00f1os, es imprescindible el cumplimiento de nuestro reglamento, para evitar inconvenientes en el d\u00eda y lo puedan pasar fant\u00e1stico! Reglamento de Festejos de cumple\u00f1os Me comprometo&hellip;","protected":false},"author":1,"featured_media":0,"parent":0,"menu_order":0,"comment_status":"closed","ping_status":"closed","template":"","meta":{"content-type":"","footnotes":""},"class_list":["post-928","page","type-page","status-publish","hentry"],"_links":{"self":[{"href":"http:\/\/ici.edu.py\/es\/wp-json\/wp\/v2\/pages\/928","targetHints":{"allow":["GET"]}}],"collection":[{"href":"http:\/\/ici.edu.py\/es\/wp-json\/wp\/v2\/pages"}],"about":[{"href":"http:\/\/ici.edu.py\/es\/wp-json\/wp\/v2\/types\/page"}],"author":[{"embeddable":true,"href":"http:\/\/ici.edu.py\/es\/wp-json\/wp\/v2\/users\/1"}],"replies":[{"embeddable":true,"href":"http:\/\/ici.edu.py\/es\/wp-json\/wp\/v2\/comments?post=928"}],"version-history":[{"count":32,"href":"http:\/\/ici.edu.py\/es\/wp-json\/wp\/v2\/pages\/928\/revisions"}],"predecessor-version":[{"id":1633,"href":"http:\/\/ici.edu.py\/es\/wp-json\/wp\/v2\/pages\/928\/revisions\/1633"}],"wp:attachment":[{"href":"http:\/\/ici.edu.py\/es\/wp-json\/wp\/v2\/media?parent=928"}],"curies":[{"name":"wp","href":"https:\/\/api.w.org\/{rel}","templated":true}]}}