{"id":63,"date":"2017-03-10T20:21:13","date_gmt":"2017-03-10T20:21:13","guid":{"rendered":"https:\/\/greenville.ancorathemes.com\/?page_id=63"},"modified":"2026-02-24T09:04:51","modified_gmt":"2026-02-24T12:04:51","slug":"contacto","status":"publish","type":"page","link":"http:\/\/ici.edu.py\/es\/contacto\/","title":{"rendered":"Contacto"},"content":{"rendered":"<div class=\"wpb-content-wrapper\"><div data-vc-full-width=\"true\" data-vc-full-width-init=\"false\" data-vc-stretch-content=\"true\" class=\"vc_row wpb_row vc_row-fluid vc_row-no-padding\"><div class=\"wpb_column vc_column_container vc_col-sm-12 sc_layouts_column_icons_position_left\"><div class=\"vc_column-inner\"><div class=\"wpb_wrapper\"><div id=\"sc_googlemap_568351834_wrap\" class=\"sc_googlemap_wrap\"><div class=\"scheme_dark sc_googlemap_content_wrap\"><div id=\"sc_googlemap_568351834\"\n\t\t\tclass=\"sc_googlemap sc_googlemap_default\"\n\t\t\t style=\"width:100%;height:422px;\"\t\t\tdata-zoom=\"13\"\n\t\t\tdata-style=\"default\"\n\t\t\tdata-cluster-icon=\"\"\n\n\t\t\t><iframe\n\t\t\t\t\tsrc=\"https:\/\/maps.google.com\/maps?t=m&output=embed&iwloc=near&z=13&q=-25.5210125,-54.6328964\"\n\t\t\t\t\tscrolling=\"no\"\n\t\t\t\t\tmarginheight=\"0\"\n\t\t\t\t\tmarginwidth=\"0\"\n\t\t\t\t\tframeborder=\"0\"\n\t\t\t\t\taria-label=\"\"><\/iframe><\/div>\t\t\t<div class=\"scheme_dark sc_googlemap_content sc_googlemap_content_default\"><div id=\"widget_contacts_1513842030\" class=\"widget_area sc_widget_contacts vc_widget_contacts wpb_content_element\"><aside id=\"widget_contacts_1513842030_widget\" class=\"widget widget_contacts\"><h5 class=\"widget_title\">Instituto Cristiano Interactivo<\/h5><div class=\"contacts_wrap\"><div class=\"contacts_info\"><span class=\"contacts_address\">Cnel. F\u00e9lix Cabrera y Los Naranjos, Barrio Boquer\u00f3n 2, Ciudad del Este<\/span><span class=\"contacts_phone\"><a href=\"tel:061518731\">(061) 518731<\/a><a href=\"tel:0213389458\"> (021) 338 9458<\/a><a href=\"tel:0983133295\"> 0983 133 295<\/a><\/span><span class=\"contacts_email\"><a href=\"mailto:secreta&#114;&#105;&#97;&#64;&#105;c&#105;.&#101;du&#46;&#112;&#121;\">&#115;&#101;&#99;r&#101;t&#97;&#114;ia&#64;ici&#46;e&#100;&#117;&#46;&#112;y<\/a><\/span><\/div><\/div><!-- \/.contacts_wrap --><\/aside><\/div><\/div>\n\t\t<\/div>\n\t\t<\/div><!-- \/.sc_googlemap_wrap --><div class=\"vc_empty_space  height_tiny\"   style=\"height: 45px\"><span class=\"vc_empty_space_inner\"><\/span><\/div>\n\t<div class=\"wpb_text_column wpb_content_element \" >\n\t\t<div class=\"wpb_wrapper\">\n\t\t\t<h5><\/h5>\n<h5 style=\"text-align: center;\">Si desea comunicarse con responsables de \u00e1reas<br \/>\nespec\u00edficas puede escribir por correo electr\u00f3nico a la<br \/>\ndirecciones que encontrar\u00e1 en el men\u00fa NUESTRO<br \/>\nCOLEGIO\/STAFF<\/h5>\n\n\t\t<\/div>\n\t<\/div>\n<div class=\"vc_empty_space  height_tiny\"   style=\"height: 32px\"><span class=\"vc_empty_space_inner\"><\/span><\/div><\/div><\/div><\/div><\/div><div class=\"vc_row-full-width vc_clearfix\"><\/div><div class=\"vc_row wpb_row vc_row-fluid\"><div class=\"wpb_column vc_column_container vc_col-sm-2 sc_layouts_column_icons_position_left\"><div class=\"vc_column-inner\"><div class=\"wpb_wrapper\"><\/div><\/div><\/div><div class=\"wpb_column vc_column_container vc_col-sm-8 sc_layouts_column_icons_position_left\"><div class=\"vc_column-inner\"><div class=\"wpb_wrapper\"><div class=\"vc_empty_space  vc_custom_1717972918093 height_large\"   style=\"height: 45px\"><span class=\"vc_empty_space_inner\"><\/span><\/div><div class=\"vc_btn3-container vc_btn3-center\" ><a class=\"vc_general vc_btn3 vc_btn3-size-lg vc_btn3-shape-rounded vc_btn3-style-modern vc_btn3-color-warning\" href=\"https:\/\/forms.gle\/jNX4VtRYtGswV34j6\" title=\"\" target=\"_blank\">JUSTIFICATIVO DE LLEGADA TARD\u00cdA \/ AUSENCIA<\/a><\/div><div class=\"vc_empty_space  vc_custom_1491833767034 height_medium\"   style=\"height: 32px\"><span class=\"vc_empty_space_inner\"><\/span><\/div><div id=\"sc_title_962318765\"\n\t\tclass=\"sc_title sc_title_default\"><h6 class=\"sc_item_subtitle sc_title_subtitle sc_align_center sc_item_title_style_default\">Envi\u00e9nos un mensaje<\/h6><h3 class=\"sc_item_title sc_title_title sc_align_center sc_item_title_style_default\">Cont\u00e1ctenos<\/h3><\/div><!-- \/.sc_title --><div class=\"vc_empty_space  vc_custom_1491833767034 height_medium\"   style=\"height: 32px\"><span class=\"vc_empty_space_inner\"><\/span><\/div><div id=\"sc_title_182558755\"\n\t\tclass=\"sc_title sc_title_default\"><h6 class=\"sc_item_subtitle sc_title_subtitle sc_align_center sc_item_title_style_default\">ATENCI\u00d3N: Para justificativos de alumnos utilizar el bot\u00f3n de arriba ``Justificativo de llegada tard\u00eda\/ausencia``<\/h6><\/div><!-- \/.sc_title --><div class=\"vc_empty_space  vc_custom_1491833767034 height_medium\"   style=\"height: 32px\"><span class=\"vc_empty_space_inner\"><\/span><\/div>\n\t<div class=\"wpb_raw_code wpb_raw_js\" >\n\t\t<div class=\"wpb_wrapper\">\n\t\t\t<script charset=\"utf-8\" type=\"text\/javascript\" src=\"https:\/\/js.hsforms.net\/forms\/shell.js\"><\/script>\n<script>\n  \/**\n   * Checks to see if a value is set.\n   *\n   * @param   {Function} accessor Function that returns our value\n   * @returns {Boolean}           Value is not undefined or null\n   *\/\n  const isset = (accessor) => {\n    try {\n      \/\/ Note we're seeing if the returned value of our function is not\n      \/\/ undefined or null\n      return accessor !== undefined && accessor !== null\n    } catch (e) {\n      \/\/ And we're able to catch the Error it would normally throw for\n      \/\/ referencing a property of undefined\n      return false\n    }\n  }\n\n  const setForm = () => {\n\n    let pathName = window.location.pathname;\n\n    if (pathName.includes('\/es')) {\n      hbspt.forms.create({\n        region: \"na1\",\n        portalId: \"44972911\",\n        formId: \"195a5143-0913-4cc1-bde4-6dda13c1d881\",\n        cssClass: \"wpcf7-form init\",\n      });\n\n    } else {\n      \/\/english form\n\n  hbspt.forms.create({\n    region: \"na1\",\n    portalId: \"44972911\",\n    formId: \"abfc0a08-bd84-459c-9d09-494bbab4ef89\",\n    cssClass: \"wpcf7-form init\",\n  });\n    }\n\n  }\n  window.onload = setForm();\n<\/script>\n\t\t<\/div>\n\t<\/div>\n<\/div><\/div><\/div><div class=\"wpb_column vc_column_container vc_col-sm-2 sc_layouts_column_icons_position_left\"><div class=\"vc_column-inner\"><div class=\"wpb_wrapper\"><\/div><\/div><\/div><\/div><div class=\"vc_row wpb_row vc_row-fluid\"><div class=\"wpb_column vc_column_container vc_col-sm-12 sc_layouts_column_icons_position_left\"><div class=\"vc_column-inner\"><div class=\"wpb_wrapper\"><\/div><\/div><\/div><\/div>\n<\/div>","protected":false},"excerpt":{"rendered":"Instituto Cristiano InteractivoCnel. F\u00e9lix Cabrera y Los Naranjos, Barrio Boquer\u00f3n 2, Ciudad del Este(061) 518731 (021) 338 9458 0983 133 295&#115;&#101;&#99;r&#101;&#116;&#97;ri&#97;&#64;i&#99;i&#46;ed&#117;&#46;py Si desea comunicarse con responsables de \u00e1reas espec\u00edficas puede escribir por correo electr\u00f3nico a la direcciones que encontrar\u00e1 en&hellip;","protected":false},"author":1,"featured_media":0,"parent":0,"menu_order":0,"comment_status":"closed","ping_status":"closed","template":"","meta":{"content-type":"","footnotes":""},"class_list":["post-63","page","type-page","status-publish","hentry"],"_links":{"self":[{"href":"http:\/\/ici.edu.py\/es\/wp-json\/wp\/v2\/pages\/63","targetHints":{"allow":["GET"]}}],"collection":[{"href":"http:\/\/ici.edu.py\/es\/wp-json\/wp\/v2\/pages"}],"about":[{"href":"http:\/\/ici.edu.py\/es\/wp-json\/wp\/v2\/types\/page"}],"author":[{"embeddable":true,"href":"http:\/\/ici.edu.py\/es\/wp-json\/wp\/v2\/users\/1"}],"replies":[{"embeddable":true,"href":"http:\/\/ici.edu.py\/es\/wp-json\/wp\/v2\/comments?post=63"}],"version-history":[{"count":42,"href":"http:\/\/ici.edu.py\/es\/wp-json\/wp\/v2\/pages\/63\/revisions"}],"predecessor-version":[{"id":1890,"href":"http:\/\/ici.edu.py\/es\/wp-json\/wp\/v2\/pages\/63\/revisions\/1890"}],"wp:attachment":[{"href":"http:\/\/ici.edu.py\/es\/wp-json\/wp\/v2\/media?parent=63"}],"curies":[{"name":"wp","href":"https:\/\/api.w.org\/{rel}","templated":true}]}}