{"id":31,"date":"2017-03-10T20:17:51","date_gmt":"2017-03-10T20:17:51","guid":{"rendered":"https:\/\/greenville.ancorathemes.com\/?page_id=31"},"modified":"2024-03-20T21:12:47","modified_gmt":"2024-03-21T00:12:47","slug":"rosa-elena-lopez-de-ocampo","status":"publish","type":"page","link":"http:\/\/ici.edu.py\/es\/rosa-elena-lopez-de-ocampo\/","title":{"rendered":"Rosa de Ocampo"},"content":{"rendered":"<div class=\"wpb-content-wrapper\"><div class=\"vc_row wpb_row vc_row-fluid vc_row-o-equal-height vc_row-o-content-middle vc_row-flex\"><div class=\"wpb_column vc_column_container vc_col-sm-7 sc_layouts_column_icons_position_left\"><div class=\"vc_column-inner\"><div class=\"wpb_wrapper\"><div class=\"vc_empty_space  height_large\"   style=\"height: 32px\"><span class=\"vc_empty_space_inner\"><\/span><\/div>\n\t<div  class=\"wpb_single_image wpb_content_element vc_align_center  vc_custom_1708432364834\">\n\t\t\n\t\t<figure class=\"wpb_wrapper vc_figure\">\n\t\t\t<div class=\"vc_single_image-wrapper   vc_box_border_grey\"><img decoding=\"async\" class=\"vc_single_image-img \" src=\"https:\/\/ici.edu.py\/wp-content\/uploads\/2024\/02\/BeFunky-collage-scaled-644x689.jpg\" width=\"644\" height=\"689\" alt=\"BeFunky-collage\" title=\"BeFunky-collage\" loading=\"lazy\" \/><\/div>\n\t\t<\/figure>\n\t<\/div>\n<div class=\"vc_empty_space  height_tiny\"   style=\"height: 32px\"><span class=\"vc_empty_space_inner\"><\/span><\/div><\/div><\/div><\/div><div class=\"wpb_column vc_column_container vc_col-sm-5 sc_layouts_column_icons_position_left\"><div class=\"vc_column-inner\"><div class=\"wpb_wrapper\"><div class=\"vc_empty_space  height_small\"   style=\"height: 32px\"><span class=\"vc_empty_space_inner\"><\/span><\/div><div id=\"sc_title_1092204808\"\n\t\tclass=\"sc_title sc_title_default\"><h6 class=\"sc_item_subtitle sc_title_subtitle sc_align_left sc_item_title_style_default\">Dedicatoria<\/h6><h2 class=\"sc_item_title sc_title_title sc_align_left sc_item_title_style_default sc_item_title_tag\">Lic. Rosa Elena L\u00f3pez de Ocampo<\/h2><div class=\"sc_item_descr sc_title_descr sc_align_left\"><p>La directora Rosa fue la persona que Dios levant\u00f3 para inspirar e impulsar lo que hoy es el Instituto Cristiano Interactivo.<\/p>\n<p>Maestra de vocaci\u00f3n, formada en el sistema de la Escuela Normal que existi\u00f3 hasta 1974, egres\u00f3 del colegio, por tanto, siendo profesora de Educaci\u00f3n Primaria. Luego hizo la licenciatura en Pedagog\u00eda y curs\u00f3 el doctorado en Educaci\u00f3n.<\/p>\n<p>La directora Rosa, o la t\u00eda Rosita, como la conoc\u00edan algunos, siempre anim\u00f3 a las chicas j\u00f3venes a estudiar formaci\u00f3n docente si ten\u00edan la vocaci\u00f3n, habl\u00e1ndoles con pasi\u00f3n acerca de la nobleza de la tarea y el rol del maestro. Su hija mayor, Clyde Marlene Ocampo, hoy Directora acad\u00e9mica del ICI no fue la excepci\u00f3n, por supuesto, recibi\u00f3 la influencia y la inspiraci\u00f3n de ella para estudiar y abrazar tambi\u00e9n la carrera docente.<\/p>\n<p>Con diferentes t\u00e9cnicas pr\u00e1cticas, implant\u00f3 adem\u00e1s en sus tres hijos sus constantes ense\u00f1anzas dejando huellas imborrables.<\/p>\n<\/div><\/div><!-- \/.sc_title --><div class=\"vc_empty_space  height_small\"   style=\"height: 32px\"><span class=\"vc_empty_space_inner\"><\/span><\/div><\/div><\/div><\/div><\/div><div class=\"vc_row wpb_row vc_row-fluid\"><div class=\"wpb_column vc_column_container vc_col-sm-12 sc_layouts_column_icons_position_left\"><div class=\"vc_column-inner\"><div class=\"wpb_wrapper\"><div class=\"vc_empty_space  height_tiny\"   style=\"height: 32px\"><span class=\"vc_empty_space_inner\"><\/span><\/div>\n\t<div class=\"wpb_text_column wpb_content_element \" >\n\t\t<div class=\"wpb_wrapper\">\n\t\t\t<p>M\u00e1s tarde, fue vicedirectora por varios a\u00f1os del colegio Albert Schweitzer en la ciudad de Asunci\u00f3n, asumiendo adem\u00e1s la Direcci\u00f3n interina por un tiempo.<\/p>\n<p>Ya en Ciudad del Este, fue ide\u00f3loga y principal fundadora del Centro Educacional Cristiano (Colegio CEC), primer colegio biling\u00fce de la regi\u00f3n.<\/p>\n<p>Impuls\u00f3 a que el matrimonio Dagogliano Ocampo abra un Jard\u00edn de Infantes y Preescolar, el cual se llam\u00f3 <i>Happy Children School, <\/i>aportando ideas y directivas importantes para hacerlo realidad. M\u00e1s tarde, con la apertura de los primeros grados de primaria, se sumaron la Directora Rosa y el Director Jorge a este emprendimiento, dando inicio as\u00ed al Instituto Cristiano Interactivo, en el a\u00f1o 1997.<\/p>\n<p>A la directora Rosa le encantaba cuidar las plantas del colegio, pasearse por los pasillos y patios, conversar con los alumnos, con los colaboradores docentes, con el personal de limpieza, administrativo y de servicio, con su car\u00e1cter extrovertido, su voz potente y su amena sonrisa.<\/p>\n<p>Aparte de ser nuestra directora general, ten\u00eda a su cargo una peque\u00f1a tienda a la que llam\u00f3 \u201cMatices\u201d, con el inter\u00e9s principal de proveer con facilidad a profesores y colaboradores en general, as\u00ed como a los padres y alumnos, de todo lo que pudieran necesitar af\u00edn al colegio.<\/p>\n<p>As\u00ed, el ICI hoy lleva impregnada la marca e influencia de la <strong>Lic.<\/strong> <b>Rosa Elena L\u00f3pez de Ocampo<\/b>, quien con amor a Dios y a sus semejantes, llev\u00f3 una vida de entrega y pasi\u00f3n por la educaci\u00f3n.<\/p>\n\n\t\t<\/div>\n\t<\/div>\n<\/div><\/div><\/div><\/div><div class=\"vc_row wpb_row vc_row-fluid\"><div class=\"wpb_column vc_column_container vc_col-sm-12 sc_layouts_column_icons_position_left\"><div class=\"vc_column-inner\"><div class=\"wpb_wrapper\"><div class=\"vc_empty_space  height_tiny\"   style=\"height: 32px\"><span class=\"vc_empty_space_inner\"><\/span><\/div><\/div><\/div><\/div><\/div>\n<\/div>","protected":false},"excerpt":{"rendered":"DedicatoriaLic. Rosa Elena L\u00f3pez de OcampoLa directora Rosa fue la persona que Dios levant\u00f3 para inspirar e impulsar lo que hoy es el Instituto Cristiano Interactivo. Maestra de vocaci\u00f3n, formada en el sistema de la Escuela Normal que existi\u00f3 hasta&hellip;","protected":false},"author":1,"featured_media":0,"parent":0,"menu_order":0,"comment_status":"closed","ping_status":"closed","template":"","meta":{"content-type":"","footnotes":""},"class_list":["post-31","page","type-page","status-publish","hentry"],"_links":{"self":[{"href":"http:\/\/ici.edu.py\/es\/wp-json\/wp\/v2\/pages\/31","targetHints":{"allow":["GET"]}}],"collection":[{"href":"http:\/\/ici.edu.py\/es\/wp-json\/wp\/v2\/pages"}],"about":[{"href":"http:\/\/ici.edu.py\/es\/wp-json\/wp\/v2\/types\/page"}],"author":[{"embeddable":true,"href":"http:\/\/ici.edu.py\/es\/wp-json\/wp\/v2\/users\/1"}],"replies":[{"embeddable":true,"href":"http:\/\/ici.edu.py\/es\/wp-json\/wp\/v2\/comments?post=31"}],"version-history":[{"count":17,"href":"http:\/\/ici.edu.py\/es\/wp-json\/wp\/v2\/pages\/31\/revisions"}],"predecessor-version":[{"id":1009,"href":"http:\/\/ici.edu.py\/es\/wp-json\/wp\/v2\/pages\/31\/revisions\/1009"}],"wp:attachment":[{"href":"http:\/\/ici.edu.py\/es\/wp-json\/wp\/v2\/media?parent=31"}],"curies":[{"name":"wp","href":"https:\/\/api.w.org\/{rel}","templated":true}]}}