{"id":29,"date":"2017-03-10T20:16:53","date_gmt":"2017-03-10T20:16:53","guid":{"rendered":"https:\/\/greenville.ancorathemes.com\/?page_id=29"},"modified":"2025-09-05T07:31:30","modified_gmt":"2025-09-05T10:31:30","slug":"admisiones","status":"publish","type":"page","link":"http:\/\/ici.edu.py\/en\/admisiones\/","title":{"rendered":"Admissions"},"content":{"rendered":"<div class=\"wpb-content-wrapper\"><div class=\"vc_row wpb_row vc_row-fluid vc_row-o-equal-height vc_row-o-content-middle vc_row-flex\"><div class=\"wpb_column vc_column_container vc_col-sm-12 sc_layouts_column_icons_position_left\"><div class=\"vc_column-inner\"><div class=\"wpb_wrapper\"><div class=\"vc_empty_space  vc_custom_1492090949179 height_huge\"   style=\"height: 32px\"><span class=\"vc_empty_space_inner\"><\/span><\/div><\/div><\/div><\/div><div class=\"wpb_column vc_column_container vc_col-sm-5 vc_col-lg-offset-1 vc_col-md-offset-1 vc_col-sm-offset-1 sc_layouts_column_icons_position_left\"><div class=\"vc_column-inner\"><div class=\"wpb_wrapper\"><div class=\"vc_empty_space  height_medium\"   style=\"height: 32px\"><span class=\"vc_empty_space_inner\"><\/span><\/div><div id=\"sc_title_9428995\"\n\t\tclass=\"sc_title sc_title_default\"><h6 class=\"sc_item_subtitle sc_title_subtitle sc_align_left sc_item_title_style_default\">How to enter<\/h6><h2 class=\"sc_item_title sc_title_title sc_align_left sc_item_title_style_default sc_item_title_tag\">Admission Process<\/h2><div class=\"sc_item_descr sc_title_descr sc_align_left\"><p>The enrollment of a student into the Institution implies that parents or guardians, as well as the students, acknowledge and accept the Code of Conduct and the school regulations.<br \/>\nPlease consult the required documents at the school office.<\/p>\n<\/div><\/div><!-- \/.sc_title --><div class=\"vc_empty_space  vc_custom_1492090987099 height_medium\"   style=\"height: 32px\"><span class=\"vc_empty_space_inner\"><\/span><\/div>\n\t<div class=\"wpb_text_column wpb_content_element\" >\n\t\t<div class=\"wpb_wrapper\">\n\t\t\t<h5><span lang=\"es-PY\"><b>Procedure<\/b><\/span><\/h5>\n<ol>\n<li style=\"list-style-type: none;\">\n<ol>\n<li><span lang=\"es-PY\">Complete and sign the Enrollment Application, with all required data.<\/span><\/li>\n<li class=\"translation-block\">Request or schedule a tour of the institution (optional).<\/li>\n<li><span lang=\"es-PY\">Once space availability is confirmed, attach the following documents:<\/span><\/li>\n<\/ol>\n<\/li>\n<\/ol>\n<ul>\n<li style=\"list-style-type: none;\">\n<ul>\n<li style=\"list-style-type: none;\">\n<ul>\n<li><span lang=\"es-PY\">Latest official grade report (2nd Grade and up)<\/span><\/li>\n<li><span lang=\"es-PY\">Copy of the student's birth certificate<\/span><\/li>\n<li><span lang=\"es-PY\">Copies of parents' identity documents<\/span><\/li>\n<li><span lang=\"es-PY\">Commitment Letter signed by both parents or guardians<\/span><\/li>\n<li><span lang=\"es-PY\">Conduct report from the previous institution<\/span><\/li>\n<\/ul>\n<\/li>\n<\/ul>\n<\/li>\n<\/ul>\n<ol>\n<li style=\"list-style-type: none;\">\n<ol start=\"4\">\n<li><span lang=\"es-PY\">Complete the anamnesis form (Early Childhood Education).<\/span><\/li>\n<li><span lang=\"es-PY\">Interview with the Academic Director or Coordinator.<\/span><\/li>\n<li class=\"translation-block\">Schedule of Admission tests.<\/li>\n<li><span lang=\"es-PY\">Admission communication.<\/span><\/li>\n<li><span lang=\"es-PY\">Complete the file with the following documents:<\/span><\/li>\n<\/ol>\n<\/li>\n<\/ol>\n<ul>\n<li style=\"list-style-type: none;\">\n<ul>\n<li style=\"list-style-type: none;\">\n<ul>\n<li class=\"translation-block\">Certificate of no debt from the previous institution. (MANDATORY)<\/li>\n<li><i>Complete medical record.<\/i><\/li>\n<li><i>Vaccination record, relevant legal documents.<\/i><\/li>\n<\/ul>\n<\/li>\n<\/ul>\n<\/li>\n<\/ul>\n<ol>\n<li style=\"list-style-type: none;\">\n<ol start=\"9\">\n<li>Enrollment payment.<\/li>\n<\/ol>\n<\/li>\n<\/ol>\n\n\t\t<\/div>\n\t<\/div>\n<div class=\"vc_empty_space  height_medium\"   style=\"height: 32px\"><span class=\"vc_empty_space_inner\"><\/span><\/div><div class=\"vc_btn3-container vc_btn3-center\" ><a class=\"vc_general vc_btn3 vc_btn3-size-lg vc_btn3-shape-rounded vc_btn3-style-modern vc_btn3-color-warning\" href=\"https:\/\/ici.edu.py\/en\/contacto\/\" title=\"Contact us\">Admission Inquiry<\/a><\/div><div class=\"vc_empty_space  height_medium\"   style=\"height: 32px\"><span class=\"vc_empty_space_inner\"><\/span><\/div><\/div><\/div><\/div><div class=\"wpb_column vc_column_container vc_col-sm-5 sc_layouts_column_icons_position_left\"><div class=\"vc_column-inner\"><div class=\"wpb_wrapper\">\n\t<div  class=\"wpb_single_image wpb_content_element vc_align_center\">\n\t\t\n\t\t<figure class=\"wpb_wrapper vc_figure\">\n\t\t\t<div class=\"vc_single_image-wrapper   vc_box_border_grey\"><img decoding=\"async\" class=\"vc_single_image-img\" src=\"https:\/\/ici.edu.py\/wp-content\/uploads\/2024\/02\/admision_1-400x400.jpg\" width=\"400\" height=\"400\" alt=\"admision_1\" title=\"admision_1\" loading=\"lazy\" \/><\/div>\n\t\t<\/figure>\n\t<\/div>\n<div class=\"vc_empty_space  height_tiny\"   style=\"height: 5px\"><span class=\"vc_empty_space_inner\"><\/span><\/div>\n\t<div  class=\"wpb_single_image wpb_content_element vc_align_center\">\n\t\t\n\t\t<figure class=\"wpb_wrapper vc_figure\">\n\t\t\t<div class=\"vc_single_image-wrapper   vc_box_border_grey\"><img decoding=\"async\" class=\"vc_single_image-img\" src=\"https:\/\/ici.edu.py\/wp-content\/uploads\/2025\/09\/IMG_2807_resized-scaled-400x400.jpg\" width=\"400\" height=\"400\" alt=\"IMG_2807_resized\" title=\"IMG_2807_resized\" loading=\"lazy\" \/><\/div>\n\t\t<\/figure>\n\t<\/div>\n<div class=\"vc_empty_space  height_tiny\"   style=\"height: 5px\"><span class=\"vc_empty_space_inner\"><\/span><\/div>\n\t<div  class=\"wpb_single_image wpb_content_element vc_align_center\">\n\t\t\n\t\t<figure class=\"wpb_wrapper vc_figure\">\n\t\t\t<div class=\"vc_single_image-wrapper   vc_box_border_grey\"><img decoding=\"async\" class=\"vc_single_image-img\" src=\"https:\/\/ici.edu.py\/wp-content\/uploads\/2025\/09\/IMG_2868_resized-scaled-400x400.jpg\" width=\"400\" height=\"400\" alt=\"IMG_2868_resized\" title=\"IMG_2868_resized\" loading=\"lazy\" \/><\/div>\n\t\t<\/figure>\n\t<\/div>\n<\/div><\/div><\/div><div class=\"wpb_column vc_column_container vc_col-sm-12 sc_layouts_column_icons_position_left\"><div class=\"vc_column-inner\"><div class=\"wpb_wrapper\"><div class=\"vc_empty_space  vc_custom_1492091015004 height_large\"   style=\"height: 32px\"><span class=\"vc_empty_space_inner\"><\/span><\/div><\/div><\/div><\/div><\/div><div data-vc-full-width=\"true\" data-vc-full-width-init=\"false\" class=\"vc_row wpb_row vc_row-fluid vc_custom_1489568966470 vc_row-has-fill\"><div class=\"wpb_column vc_column_container vc_col-sm-12 sc_layouts_column_icons_position_left\"><div class=\"vc_column-inner\"><div class=\"wpb_wrapper\"><div class=\"vc_empty_space  vc_custom_1492091142700 height_large\"   style=\"height: 32px\"><span class=\"vc_empty_space_inner\"><\/span><\/div><div id=\"sc_title_1462622736\"\n\t\tclass=\"sc_title sc_title_default\"><h6 class=\"sc_item_subtitle sc_title_subtitle sc_align_center sc_item_title_style_default\">Download<\/h6><h2 class=\"sc_item_title sc_title_title sc_align_center sc_item_title_style_default sc_item_title_tag\">Admission Form<\/h2><div class=\"sc_item_descr sc_title_descr sc_align_center\"><p>Download the admission form in PDF format<\/p>\n<\/div><\/div><!-- \/.sc_title --><div class=\"vc_empty_space  vc_custom_1492091206211 height_small\"   style=\"height: 32px\"><span class=\"vc_empty_space_inner\"><\/span><\/div><div class=\"vc_btn3-container vc_btn3-center\" ><a class=\"vc_general vc_btn3 vc_btn3-size-lg vc_btn3-shape-rounded vc_btn3-style-modern vc_btn3-color-warning\" href=\"\/wp-content\/uploads\/2024\/02\/2024-SOLICITUD-DE-INSCRIPCION-Oficial-2.pdf\" title=\"\" target=\"_blank\">Download<\/a><\/div><div class=\"vc_empty_space  vc_custom_1492091412867 height_large\"   style=\"height: 32px\"><span class=\"vc_empty_space_inner\"><\/span><\/div><\/div><\/div><\/div><\/div><div class=\"vc_row-full-width vc_clearfix\"><\/div>\n<\/div>","protected":false},"excerpt":{"rendered":"C\u00f3mo ingresarProceso de Admisi\u00f3nLa incorporaci\u00f3n de un alumno a la Instituci\u00f3n implica el conocimiento y aceptaci\u00f3n por parte de los padres o encargados, como de los alumnos, de las Normas de Convivencia y reglamentos del colegio. Consulte los documentos requeridos&hellip;","protected":false},"author":1,"featured_media":0,"parent":0,"menu_order":0,"comment_status":"closed","ping_status":"closed","template":"","meta":{"content-type":"","footnotes":""},"class_list":["post-29","page","type-page","status-publish","hentry"],"_links":{"self":[{"href":"http:\/\/ici.edu.py\/en\/wp-json\/wp\/v2\/pages\/29","targetHints":{"allow":["GET"]}}],"collection":[{"href":"http:\/\/ici.edu.py\/en\/wp-json\/wp\/v2\/pages"}],"about":[{"href":"http:\/\/ici.edu.py\/en\/wp-json\/wp\/v2\/types\/page"}],"author":[{"embeddable":true,"href":"http:\/\/ici.edu.py\/en\/wp-json\/wp\/v2\/users\/1"}],"replies":[{"embeddable":true,"href":"http:\/\/ici.edu.py\/en\/wp-json\/wp\/v2\/comments?post=29"}],"version-history":[{"count":29,"href":"http:\/\/ici.edu.py\/en\/wp-json\/wp\/v2\/pages\/29\/revisions"}],"predecessor-version":[{"id":1800,"href":"http:\/\/ici.edu.py\/en\/wp-json\/wp\/v2\/pages\/29\/revisions\/1800"}],"wp:attachment":[{"href":"http:\/\/ici.edu.py\/en\/wp-json\/wp\/v2\/media?parent=29"}],"curies":[{"name":"wp","href":"https:\/\/api.w.org\/{rel}","templated":true}]}}